{"id":251,"date":"2024-07-10T12:33:29","date_gmt":"2024-07-10T10:33:29","guid":{"rendered":"https:\/\/uj.dunavirag.hu\/?page_id=251"},"modified":"2025-02-07T11:28:06","modified_gmt":"2025-02-07T09:28:06","slug":"impresszum","status":"publish","type":"page","link":"https:\/\/dunavirag.hu\/ro\/impresszum\/","title":{"rendered":"cap de catarg"},"content":{"rendered":"<div data-elementor-type=\"wp-page\" data-elementor-id=\"251\" class=\"elementor elementor-251\" data-elementor-post-type=\"page\">\n\t\t\t\t\t\t<section class=\"elementor-section elementor-top-section elementor-element elementor-element-4557872 elementor-section-full_width elementor-section-height-default elementor-section-height-default\" data-id=\"4557872\" data-element_type=\"section\" data-e-type=\"section\" data-settings=\"{&quot;background_background&quot;:&quot;classic&quot;}\">\n\t\t\t\t\t\t\t<div class=\"elementor-background-overlay\"><\/div>\n\t\t\t\t\t\t\t<div class=\"elementor-container elementor-column-gap-default\">\n\t\t\t\t\t<div class=\"elementor-column elementor-col-100 elementor-top-column elementor-element elementor-element-2af8d86\" data-id=\"2af8d86\" data-element_type=\"column\" data-e-type=\"column\" data-settings=\"{&quot;background_background&quot;:&quot;classic&quot;}\">\n\t\t\t<div class=\"elementor-widget-wrap elementor-element-populated\">\n\t\t\t\t\t\t<section class=\"elementor-section elementor-inner-section elementor-element elementor-element-7bd2262 elementor-section-boxed elementor-section-height-default elementor-section-height-default\" data-id=\"7bd2262\" data-element_type=\"section\" data-e-type=\"section\">\n\t\t\t\t\t\t<div class=\"elementor-container elementor-column-gap-default\">\n\t\t\t\t\t<div class=\"elementor-column elementor-col-100 elementor-inner-column elementor-element elementor-element-77ce324\" data-id=\"77ce324\" data-element_type=\"column\" data-e-type=\"column\">\n\t\t\t<div class=\"elementor-widget-wrap elementor-element-populated\">\n\t\t\t\t\t\t<div class=\"elementor-element elementor-element-48e80fd elementor-widget elementor-widget-heading\" data-id=\"48e80fd\" data-element_type=\"widget\" data-e-type=\"widget\" data-widget_type=\"heading.default\">\n\t\t\t\t<div class=\"elementor-widget-container\">\n\t\t\t\t\t<h2 class=\"elementor-heading-title elementor-size-default\">cap de catarg<\/h2>\t\t\t\t<\/div>\n\t\t\t\t<\/div>\n\t\t\t\t\t<\/div>\n\t\t<\/div>\n\t\t\t\t\t<\/div>\n\t\t<\/section>\n\t\t\t\t<section class=\"elementor-section elementor-inner-section elementor-element elementor-element-b81ae55 elementor-section-boxed elementor-section-height-default elementor-section-height-default\" data-id=\"b81ae55\" data-element_type=\"section\" data-e-type=\"section\">\n\t\t\t\t\t\t<div class=\"elementor-container elementor-column-gap-default\">\n\t\t\t\t\t<div class=\"elementor-column elementor-col-100 elementor-inner-column elementor-element elementor-element-212a744\" data-id=\"212a744\" data-element_type=\"column\" data-e-type=\"column\">\n\t\t\t<div class=\"elementor-widget-wrap elementor-element-populated\">\n\t\t\t\t\t\t<div class=\"elementor-element elementor-element-263cf97 elementor-widget elementor-widget-heading\" data-id=\"263cf97\" data-element_type=\"widget\" data-e-type=\"widget\" data-widget_type=\"heading.default\">\n\t\t\t\t<div class=\"elementor-widget-container\">\n\t\t\t\t\t<h1 class=\"elementor-heading-title elementor-size-default\">Numele companiei: FLORICULTOR Ltd.\n<br>Sediul social: 2310, Szigetszentmikl\u00f3s, Leshegy utca 1\/c\n<br>Loca\u021bie: 2310, Szigetszentmikl\u00f3s, Leshegy utca 1\/c\n<br>Telefon: 06302905452\n<br>E-mail: partnerkapcsolat@dunavirag.hu\n<br>Internet: www.dunavirag.hu\n<br>\n<br>Autoritatea care \u00eenregistreaz\u0103 societatea este: Tribunalul districtual din Budapesta (C\u00e9gb\u00edr\u00f3s\u00e1ga)\n<br>Num\u0103rul de \u00eenregistrare al societ\u0103\u021bii: 13-09-192896\n<br>Num\u0103r de identificare fiscal\u0103: 26307297-2-13\n<br>\n<br>Camera de Comer\u021b \u0219i Industrie a Jude\u021bului Pest \u0219i Camera de Comer\u021b \u0219i Industrie Municipal\u0103 \u00c9rd\n<br>Hosting Provider: RACKFOREST INFORMATICS TRADE SERVICE AND CONSULTING LTD (1132 Budapest, Victor Hugo utca 18-22, 3rd floor 3008 a. info@rackforest.hu)<\/h1>\t\t\t\t<\/div>\n\t\t\t\t<\/div>\n\t\t\t\t\t<\/div>\n\t\t<\/div>\n\t\t\t\t\t<\/div>\n\t\t<\/section>\n\t\t\t\t\t<\/div>\n\t\t<\/div>\n\t\t\t\t\t<\/div>\n\t\t<\/section>\n\t\t\t\t<\/div>","protected":false},"excerpt":{"rendered":"<p>Imprint Numele companiei: FLORICULTOR Kft. Sediu: 2310, Szigetszentmikl\u00f3s, Leshegy utca 1\/c Loca\u021bie: 2310, Szigetszentmikl\u00f3s, Leshegy utca 1\/c Telefon: 06302905452 E-mail: partnerkapcsolat@dunavirag.hu Internet: www.dunavirag.hu Autoritatea de \u00eenregistrare a companiei: Budapest K\u00f6rny\u00e9ki T\u00f6rv\u00e9nysz\u00e9k C\u00e9gb\u00edr\u00f3s\u00e1ga Num\u0103rul de \u00eenregistrare al companiei: 13-09-192896 Codul fiscal: 26307297-2-13 Camera de Comer\u021b: Pest Megyei \u00e9s \u00c9rd Megyei Jog\u00fa V\u00e1rosi Kereskedelmi \u00e9s Iparkamara Camera de Comer\u021b \u0219i Industrie Local\u0103: RACKFOREST INFORMATIKAI KERESKEDELMI SZOLG\u00c1LTAT\u00d3 UND CONSULTANTSAD\u00d3 KFT. (1132 Budapest, ... <a title=\"cap de catarg\" class=\"read-more\" href=\"https:\/\/dunavirag.hu\/ro\/impresszum\/\" aria-label=\"Cite\u0219te mai multe despre Impresszum\">Cite\u0219te mai mult<\/a><\/p>","protected":false},"author":1,"featured_media":0,"parent":0,"menu_order":0,"comment_status":"closed","ping_status":"closed","template":"elementor_header_footer","meta":{"_seopress_robots_primary_cat":"","_seopress_titles_title":"","_seopress_titles_desc":"","_seopress_robots_index":"","footnotes":""},"class_list":["post-251","page","type-page","status-publish"],"_links":{"self":[{"href":"https:\/\/dunavirag.hu\/ro\/wp-json\/wp\/v2\/pages\/251","targetHints":{"allow":["GET"]}}],"collection":[{"href":"https:\/\/dunavirag.hu\/ro\/wp-json\/wp\/v2\/pages"}],"about":[{"href":"https:\/\/dunavirag.hu\/ro\/wp-json\/wp\/v2\/types\/page"}],"author":[{"embeddable":true,"href":"https:\/\/dunavirag.hu\/ro\/wp-json\/wp\/v2\/users\/1"}],"replies":[{"embeddable":true,"href":"https:\/\/dunavirag.hu\/ro\/wp-json\/wp\/v2\/comments?post=251"}],"version-history":[{"count":7,"href":"https:\/\/dunavirag.hu\/ro\/wp-json\/wp\/v2\/pages\/251\/revisions"}],"predecessor-version":[{"id":1111,"href":"https:\/\/dunavirag.hu\/ro\/wp-json\/wp\/v2\/pages\/251\/revisions\/1111"}],"wp:attachment":[{"href":"https:\/\/dunavirag.hu\/ro\/wp-json\/wp\/v2\/media?parent=251"}],"curies":[{"name":"wp","href":"https:\/\/api.w.org\/{rel}","templated":true}]}}