{"id":253,"date":"2024-07-10T12:33:48","date_gmt":"2024-07-10T10:33:48","guid":{"rendered":"https:\/\/uj.dunavirag.hu\/?page_id=253"},"modified":"2024-08-28T13:25:43","modified_gmt":"2024-08-28T11:25:43","slug":"adatkezelesi-szabalyzat","status":"publish","type":"page","link":"https:\/\/dunavirag.hu\/ro\/adatkezelesi-szabalyzat\/","title":{"rendered":"Politica de confiden\u021bialitate"},"content":{"rendered":"<div data-elementor-type=\"wp-page\" data-elementor-id=\"253\" class=\"elementor elementor-253\" data-elementor-post-type=\"page\">\n\t\t\t\t\t\t<section class=\"elementor-section elementor-top-section elementor-element elementor-element-4655620 elementor-section-full_width elementor-section-height-default elementor-section-height-default\" data-id=\"4655620\" data-element_type=\"section\" data-e-type=\"section\" data-settings=\"{&quot;background_background&quot;:&quot;classic&quot;}\">\n\t\t\t\t\t\t\t<div class=\"elementor-background-overlay\"><\/div>\n\t\t\t\t\t\t\t<div class=\"elementor-container elementor-column-gap-default\">\n\t\t\t\t\t<div class=\"elementor-column elementor-col-100 elementor-top-column elementor-element elementor-element-1e18289\" data-id=\"1e18289\" data-element_type=\"column\" data-e-type=\"column\" data-settings=\"{&quot;background_background&quot;:&quot;classic&quot;}\">\n\t\t\t<div class=\"elementor-widget-wrap elementor-element-populated\">\n\t\t\t\t\t\t<section class=\"elementor-section elementor-inner-section elementor-element elementor-element-fd3ac34 elementor-section-boxed elementor-section-height-default elementor-section-height-default\" data-id=\"fd3ac34\" data-element_type=\"section\" data-e-type=\"section\">\n\t\t\t\t\t\t<div class=\"elementor-container elementor-column-gap-default\">\n\t\t\t\t\t<div class=\"elementor-column elementor-col-100 elementor-inner-column elementor-element elementor-element-0648edc\" data-id=\"0648edc\" data-element_type=\"column\" data-e-type=\"column\">\n\t\t\t<div class=\"elementor-widget-wrap elementor-element-populated\">\n\t\t\t\t\t\t<div class=\"elementor-element elementor-element-8c43d2e elementor-widget elementor-widget-heading\" data-id=\"8c43d2e\" data-element_type=\"widget\" data-e-type=\"widget\" data-widget_type=\"heading.default\">\n\t\t\t\t<div class=\"elementor-widget-container\">\n\t\t\t\t\t<h2 class=\"elementor-heading-title elementor-size-default\">Politica de confiden\u021bialitate<\/h2>\t\t\t\t<\/div>\n\t\t\t\t<\/div>\n\t\t\t\t\t<\/div>\n\t\t<\/div>\n\t\t\t\t\t<\/div>\n\t\t<\/section>\n\t\t\t\t<section class=\"elementor-section elementor-inner-section elementor-element elementor-element-d0b3f6b elementor-section-boxed elementor-section-height-default elementor-section-height-default\" data-id=\"d0b3f6b\" data-element_type=\"section\" data-e-type=\"section\">\n\t\t\t\t\t\t<div class=\"elementor-container elementor-column-gap-default\">\n\t\t\t\t\t<div class=\"elementor-column elementor-col-100 elementor-inner-column elementor-element elementor-element-6b837c6\" data-id=\"6b837c6\" data-element_type=\"column\" data-e-type=\"column\">\n\t\t\t<div class=\"elementor-widget-wrap elementor-element-populated\">\n\t\t\t\t\t\t<div class=\"elementor-element elementor-element-63dda03 elementor-widget elementor-widget-text-editor\" data-id=\"63dda03\" data-element_type=\"widget\" data-e-type=\"widget\" data-widget_type=\"text-editor.default\">\n\t\t\t\t<div class=\"elementor-widget-container\">\n\t\t\t\t\t\t\t\t\t<p>Politica de confiden\u021bialitate<\/p><p>Prelucreaz\u0103 datele cu caracter personal pe care le furniza\u021bi:<\/p><p><strong>FLORICULTOR Ltd.<\/strong><\/p><p>Sediul social: 2310, Szigetszentmikl\u00f3s, Leshegy utca 1\/c<br \/>Num\u0103r de identificare fiscal\u0103: 26307297-2-13<br \/>Num\u0103rul de \u00eenregistrare al societ\u0103\u021bii: 13-09-192896<\/p><p>Instan\u021ba de \u00eenregistrare: Tribunalul societ\u0103\u021bilor comerciale din cadrul Tribunalului districtual din Budapesta - denumit \u00een continuare: <strong>Operator de date<\/strong>.<\/p><p>V\u0103 rug\u0103m s\u0103 citi\u021bi cu aten\u021bie aceast\u0103 notificare privind confiden\u021bialitatea (denumit\u0103 \u00een continuare: <strong>Fi\u0219\u0103 informativ\u0103<\/strong>), \u00een care descriem practicile noastre privind prelucrarea datelor dvs. cu caracter personal \u00een conformitate cu Regulamentul general privind protec\u021bia datelor (RGPD, adic\u0103 Regulamentul 2016\/679 al Parlamentului European \u0219i al Consiliului). Prezenta notificare se aplic\u0103 persoanelor care utilizeaz\u0103 serviciile operatorului de date \u00een calitate de consumatori (<strong>Tu<\/strong>) se aplic\u0103. Acesta descrie modul \u00een care operatorul de date colecteaz\u0103, utilizeaz\u0103 \u0219i, \u00een anumite cazuri, partajeaz\u0103 datele dvs. cu caracter personal cu ter\u021bi \u0219i ofer\u0103 informa\u021bii cu privire la drepturile dvs. de \"persoan\u0103 vizat\u0103\" \u00een leg\u0103tur\u0103 cu prelucrarea datelor.<\/p><p>Controlorul de date (FLORICULTOR Ltd.) se angajeaz\u0103 s\u0103 protejeze datele personale \u0219i confiden\u021bialitatea persoanelor care viziteaz\u0103 acest site. Aceast\u0103 notificare \u0219i declara\u021bie se refer\u0103 \u00een primul r\u00e2nd la confiden\u021bialitatea \u0219i protec\u021bia datelor cu caracter personal ale clien\u021bilor \u0219i abona\u021bilor la buletinul informativ prin Internet, dar include \u0219i vizitatorii site-ului. Rezum\u0103m modul \u00een care proprietarul poate colecta \u0219i utiliza informa\u021biile despre dvs. \u0219i modul \u00een care acestea pot fi utilizate. Datele nu vor fi divulgate persoanelor neautorizate \u0219i vor fi utilizate \u00een modul stabilit \u00een prezenta notificare.<\/p><p>\u00cen cazuri specifice, scopul prelucr\u0103rii poate fi modificat \u00een contracte, sub rezerva condi\u021biilor stabilite \u00een contract.<\/p><p>Aceast\u0103 notificare v\u0103 ofer\u0103 informa\u021bii importante cu privire la protec\u021bia datelor dumneavoastr\u0103 cu caracter personal \u0219i la drepturile dumneavoastr\u0103. Dac\u0103 nu accepta\u021bi ace\u0219ti termeni \u0219i condi\u021bii, ave\u021bi dreptul de a v\u0103 suspenda utilizarea site-ului \u0219i de a \u00eenceta navigarea f\u0103r\u0103 a furniza date cu caracter personal.<\/p><h3><strong>RESPONSABILITATEA \u0218I DATELE DE CONTACT ALE OPERATORULUI<\/strong><\/h3><p><strong>1.1 Informa\u021bii privind gestionarea datelor<\/strong><\/p><p>\u00cen ceea ce prive\u0219te prelucrarea datelor descrise \u00een prezenta notificare <strong>FLORICULTOR Ltd. <\/strong>controlerul (denumit \u00een continuare: <strong>Operator de date<\/strong>).<\/p><p>Pentru comentarii, \u00eentreb\u0103ri sau reclama\u021bii cu privire la practicile noastre de confiden\u021bialitate, v\u0103 rug\u0103m s\u0103 ne contacta\u021bi la: <strong>FLORICULTOR Ltd.<\/strong> 2310, Szigetszentmikl\u00f3s, Leshegy utca 1\/c sau scrie\u021bi la <a href=\"mailto:partnerkapcsolat@dunavirag.hu\">partnerkapcsolat@dunavirag.hu<\/a> la urm\u0103toarea adres\u0103 de e-mail.<\/p><table width=\"602\"><tbody><tr><td width=\"302\"><p><strong>Operator de date<\/strong><\/p><\/td><td width=\"300\"><p><strong>Responsabilit\u0103\u021bi<\/strong><\/p><\/td><\/tr><tr><td width=\"302\"><p><strong>FLORICULTOR Ltd.<br \/>2310, Szigetszentmikl\u00f3s, Leshegy utca 1\/c<\/strong><\/p><\/td><td width=\"300\"><p>Activitatea total\u0103<\/p><\/td><\/tr><\/tbody><\/table><p>\u00a0<\/p><p>Pute\u021bi alege s\u0103 accesa\u021bi site-urile noastre web f\u0103r\u0103 a furniza informa\u021bii cu caracter personal, dar trebuie s\u0103 accepta\u021bi politica privind modulele cookie pentru navigare \u0219i notificarea privind confiden\u021bialitatea \u0219i declara\u021bia de confiden\u021bialitate pentru abonarea la buletinul nostru informativ. Datele cu caracter personal \u00eenseamn\u0103 orice informa\u021bii referitoare la o persoan\u0103 fizic\u0103 care poate fi identificat\u0103, direct sau indirect, prin referire la un num\u0103r de identificare sau la date referitoare la acest num\u0103r. \u00cen cazul \u00een care proprietarul site-ului colecteaz\u0103 datele dvs. cu caracter personal, colectarea datelor va fi efectuat\u0103 \u00eentr-un mod transparent \u0219i confiden\u021bial.<\/p><p>Datele dvs. personale sunt informa\u021bii care ne permit s\u0103 v\u0103 identific\u0103m, cum ar fi numele, prenumele, na\u021bionalitatea, num\u0103rul de telefon, adresa po\u0219tal\u0103, adresa de e-mail. Datele dvs. personale sunt colectate \u00een mod voluntar de c\u0103tre proprietar atunci c\u00e2nd naviga\u021bi pe site, indic\u00e2nd \u00een fiecare caz informa\u021biile pe care trebuie s\u0103 le furniza\u021bi pentru a atinge scopul. Dac\u0103 nu dori\u021bi s\u0103 furniza\u021bi aceste date, nu ve\u021bi putea accesa anumite func\u021bii \u0219i servicii ale site-ului. Colectarea de date op\u021bionale serve\u0219te la \u00een\u021belegerea nevoilor utilizatorilor \u0219i la \u00eembun\u0103t\u0103\u021birea site-ului \u0219i a serviciilor sale.<\/p><p>Proprietarul ia toate m\u0103surile pentru a se asigura c\u0103 datele cu caracter personal pe care le prelucreaz\u0103 sunt exacte \u0219i actualizate.<\/p><p><strong>Sunt prelucrate urm\u0103toarele date cu caracter personal:<\/strong><\/p><ul><li>Numele, prenumele, denumirea societ\u0103\u021bii \u0219i numele de contact (pentru societate)<\/li><li>Adresa sediului social (\u00een cazul unei societ\u0103\u021bi), adresa, adresa po\u0219tal\u0103<\/li><li>Adresa de e-mail<\/li><li>Num\u0103r de telefon<\/li><li>Informa\u021bii despre sistem (adresa IP, versiunea sistemului, rezolu\u021bia, statistici privind paginile vizualizate pe site, obiceiurile de navigare, modelele de comportament)<\/li><\/ul><h3><strong>Durata prelucr\u0103rii datelor:<\/strong><\/h3><ul><li>\u00cen ceea ce prive\u0219te consim\u021b\u0103mintele privind marketingul direct, p\u00e2n\u0103 la retragerea consim\u021b\u0103m\u00e2ntului utilizatorului<\/li><li>Pentru datele de profil, 4 ani de la ultima autentificare<\/li><li>Pentru datele privind achizi\u021biile, 8 ani \u00een conformitate cu sec\u021biunea 169 alineatul (2) din Legea contabilit\u0103\u021bii<\/li><\/ul><h3><strong>Condi\u021bii pentru transmiterea datelor<\/strong><\/h3><p>Operatorul de date poate transfera datele pe care le prelucreaz\u0103, \u00een m\u0103sura \u00een care este necesar, c\u0103tre persoane \u0219i companii pe care le desemneaz\u0103 \u00een urm\u0103toarele domenii:<\/p><ul><li>Prelucrarea datelor<\/li><li>Reprezentare juridic\u0103<\/li><li>Organisme abilitate prin lege s\u0103 solu\u021bioneze litigiile<\/li><li>Livrare de m\u00e2n\u0103<\/li><li>Contabilitate<\/li><li>Gestionarea cererilor de desp\u0103gubire<\/li><li>Marketing<\/li><li>Facturare<\/li><\/ul><h3><strong>Procesatori de date<\/strong><\/h3><p>Atunci c\u00e2nd se efectueaz\u0103 o achizi\u021bie \u00eentr-un magazin online, operatorul de date (\u00een func\u021bie de metoda de livrare indicat\u0103 de utilizator) va furniza numele utilizatorului, adresa de livrare (adresa de e-mail \u0219i num\u0103rul de telefon \u00een cazul serviciului de curierat - pentru a coordona data livr\u0103rii) \u0219i informa\u021bii privind pre\u021bul de achizi\u021bie al produsului care urmeaz\u0103 s\u0103 fie colectat (uneori prepl\u0103tit) c\u0103tre compania de livrare \u00een scopul livr\u0103rii produsului c\u0103tre utilizator.<\/p><h3><strong>Societ\u0103\u021bi sau persoane implicate \u00een prelucrarea sau gestionarea datelor<\/strong><\/h3><p>Proprietarul, <strong>FLORICULTOR Ltd.<\/strong> gestioneaz\u0103 datele. Pe l\u00e2ng\u0103 proprietar, alte companii sunt implicate \u00een gestionarea \u0219i stocarea datelor clien\u021bilor contracta\u021bi.<\/p><h3><strong>Ce companii sunt implicate \u00een gestionarea datelor?<\/strong><\/h3><p>Societ\u0103\u021bile implicate \u00een gestionarea datelor \u00een cursul activit\u0103\u021bilor proprietarului:<\/p><p>Este necesar s\u0103 se enumere to\u021bi furnizorii de servicii la care sunt afi\u0219ate datele cu caracter personal:<\/p><ul><li>Hosting Provider: RACKFOREST INFORMATICS TRADE SERVICE AND CONSULTING LTD (1132 Budapest, Victor Hugo utca 18-22, 3rd floor 3008 a. info@rackforest.hu)<\/li><li><strong>Google Inc.<\/strong>: 1600 Amphitheatre Parkway, Mountain View, CA 94043, SUA, <a href=\"https:\/\/www.google.hu\/intl\/hu\/contact\/\">alte detalii de contact<\/a>, sistem de po\u0219t\u0103 electronic\u0103, stocare de date \u0219i fi\u0219iere \u00een cloud, gestionare online a documentelor \u0219i servicii conexe: Google Drive, Google Docs, Google Search Console, Google Analytics, Google AdSense, Google AdWords, YouTube, Blogger, suport pentru browserul Chrome - Google <a href=\"https:\/\/support.google.com\/a\/answer\/60762?hl=en\">confiden\u021bialitate<\/a> \u0219i <a href=\"https:\/\/policies.google.com\/privacy?hl=hu\">principiile de protec\u021bie a datelor<\/a>.<\/li><li><strong>Facebook Ireland Ltd.<\/strong>: 4 Grand Canal Square, Grand Canal Harbour, Dublin 2 Irlanda, suport pentru Facebook, Instagram, Messenger \u0219i alte produse \u0219i caracteristici oferite de Facebook - <a href=\"https:\/\/www.facebook.com\/about\/privacy\/update\">politica de prelucrare a datelor<\/a> \u0219i responsabil cu protec\u021bia datelor <a href=\"https:\/\/www.facebook.com\/help\/contact\/540977946302970\">detalii de contact<\/a><a href=\"https:\/\/www.facebook.com\/help\/contact\/540977946302970\">.<\/a><\/li><li><strong>Compania interna\u021bional\u0103 Twitter<\/strong>: One Cumberland Place, Fenian Street, Dublin 2, D02 AX07 IRELAND, utiliz\u00e2nd produsele \u0219i caracteristicile oferite de Twitter - <a href=\"https:\/\/twitter.com\/en\/privacy\">politica de prelucrare a datelor<\/a> \u0219i <a href=\"https:\/\/twitter.com\/en\/tos\">acef<\/a>.<\/li><li>\u00cen cazuri speciale, contractul poate include prelucr\u0103tori de date sau societ\u0103\u021bi suplimentare.<\/li><\/ul><h3><strong>Drepturile de proprietate asupra datelor \u0219i aplicarea acestora<\/strong><\/h3><p>Dac\u0103 nu dori\u021bi ca datele dvs. cu caracter personal s\u0103 fie utilizate pentru oferte comerciale, ave\u021bi dreptul de a v\u0103 opune f\u0103r\u0103 a oferi niciun motiv. Trebuie s\u0103 trimite\u021bi cererea dvs. de \u0219tergere \u00een scris c\u0103tre operatorul de date prin e-mail sau prin po\u0219t\u0103 la datele de contact indicate \u00een Imprint.<\/p><h3><strong>Protec\u021bia datelor cu caracter personal ale minorilor \u0219i ale persoanelor cu capacitate de exerci\u021biu redus\u0103<\/strong><\/h3><p><strong>FLORICULTOR Ltd. <\/strong>site-ul s\u0103u web \u0219i con\u021binutul publica\u021biilor sale se adreseaz\u0103 \u00een principal minorilor sub v\u00e2rsta de 13 ani. Nu prelucr\u0103m \u0219i nu colect\u0103m informa\u021bii personale de la copii sub 13 ani f\u0103r\u0103 acordul verificabil al p\u0103rin\u021bilor sau al tutorelui. P\u0103rin\u021bii sau tutorii pot solicita eliberarea sau \u0219tergerea informa\u021biilor despre un copil. Dac\u0103 v\u00e2rsta devine evident\u0103 pentru operator pe parcursul prelucr\u0103rii, caz \u00een care datele pot fi utilizate pentru a ob\u021bine consim\u021b\u0103m\u00e2ntul p\u0103rin\u021bilor.<\/p><p>Consim\u021b\u0103m\u00e2ntul unui reprezentant legal este necesar pentru declararea unui minor incapabil sau a unui minor cu capacitate limitat\u0103, cu excep\u021bia p\u0103r\u021bilor serviciului care sunt destinate \u00eenregistr\u0103rii \u0219i care nu necesit\u0103 o aten\u021bie special\u0103.<\/p><h3><strong>Concepte<\/strong><\/h3><ul><li><strong>Operator de date: <\/strong>o persoan\u0103 fizic\u0103 sau juridic\u0103, o autoritate public\u0103, o agen\u021bie sau orice alt organism care prelucreaz\u0103 date cu caracter personal \u00een numele operatorului<\/li><li><strong>Gestionarea datelor: <\/strong>orice opera\u021biune sau set de opera\u021biuni efectuate asupra datelor cu caracter personal sau asupra seturilor de date cu caracter personal, prin mijloace automatizate sau nu, cum ar fi colectarea, \u00eenregistrarea, organizarea, structurarea, stocarea, adaptarea, modificarea, extragerea, consultarea, utilizarea, divulgarea, transmiterea, diseminarea, punerea la dispozi\u021bie prin alte mijloace, alinierea, combinarea, restric\u021bionarea, \u0219tergerea, distrugerea<\/li><li><strong>Transmiterea datelor:<\/strong> punerea la dispozi\u021bia p\u0103r\u021bilor ter\u021be a datelor cu caracter personal prelucrate de operator<\/li><li><strong>Incident privind protec\u021bia datelor: <\/strong>o \u00eenc\u0103lcare a securit\u0103\u021bii care conduce la distrugerea accidental\u0103 sau ilegal\u0103, pierderea, modificarea, divulgarea neautorizat\u0103 sau accesul la datele cu caracter personal transmise, stocate sau prelucrate \u00een alt mod<\/li><li><strong>GTC<\/strong>: Termenii \u0219i condi\u021biile generale de v\u00e2nzare a produselor \u0219i serviciilor operatorului de date publicate pe site<\/li><li><strong>Persoan\u0103 fizic\u0103 identificabil\u0103:<\/strong> o persoan\u0103 fizic\u0103 care poate fi identificat\u0103, direct sau indirect, prin referire la unul sau mai mul\u021bi factori specifici identit\u0103\u021bii sale fizice, fiziologice, genetice, mentale, economice, culturale sau sociale, cum ar fi numele, num\u0103rul de identificare, datele de localizare, identificatorul online sau orice alt identificator<\/li><li><strong>Destinatar:<\/strong> o persoan\u0103 fizic\u0103 sau juridic\u0103, o autoritate public\u0103, o agen\u021bie sau orice alt organism cu care sunt partajate datele cu caracter personal, fie c\u0103 este sau nu o parte ter\u021b\u0103<\/li><li><strong>Consim\u021b\u0103m\u00e2ntul persoanei vizate:<\/strong> o manifestare liber\u0103, specific\u0103, informat\u0103 \u0219i lipsit\u0103 de ambiguitate a dorin\u021bei persoanei vizate, prin care aceasta \u00ee\u0219i exprim\u0103, printr-o declara\u021bie sau printr-un act care exprim\u0103 consim\u021b\u0103m\u00e2ntul s\u0103u lipsit de ambiguitate, acordul cu privire la prelucrarea datelor cu caracter personal care o privesc<\/li><li><strong>Afectate:<\/strong> o persoan\u0103 fizic\u0103 identificat\u0103 sau identificabil\u0103 din orice informa\u021bie<\/li><li><strong>Utilizatori:<\/strong> vizitatorii site-urilor web operate de operatorul de date \u0219i accesibile de pe site-ul web https:\/\/dunavirag.hu \u0219i de la alte adrese specificate \u00een acestea<\/li><li><strong>A treia parte:<\/strong> o persoan\u0103 fizic\u0103 sau juridic\u0103, o autoritate public\u0103, o agen\u021bie sau orice alt organism, altul dec\u00e2t persoana vizat\u0103, operatorul, persoana \u00eemputernicit\u0103 de operator sau persoanele care, sub autoritatea direct\u0103 a operatorului sau a persoanei \u00eemputernicite de operator, sunt autorizate s\u0103 prelucreze datele cu caracter personal<\/li><li><strong>Autoritatea: <\/strong>Autoritatea Na\u021bional\u0103 pentru Protec\u021bia Datelor \u0219i Libertatea de Informare (sediul: 1125 Budapesta, Szil\u00e1gyi Erzs\u00e9bet fasor 22\/c., telefon: 06-1 391-1400, fax: 06-1 391-1410, e-mail: ugyfelszolgalat@naih.hu, website: naih.hu)<\/li><li><strong>Partener\/Client:<\/strong> o persoan\u0103 fizic\u0103 care nu \u00eencheie un contract cu operatorul de date pentru v\u00e2nzarea unui produs sau furnizarea unui serviciu prin intermediul unui site internet<\/li><li><strong>\u00cenregistrare: <\/strong>\u00eenregistrarea datelor cu caracter personal ale utilizatorului site-ului care creeaz\u0103 un cont de utilizator<\/li><li><strong>Date cu caracter personal:<\/strong> orice informa\u021bii referitoare la persoana vizat\u0103<\/li><li><strong>Website:<\/strong> operate de operatorul de date, <strong>FLORICULTOR Ltd.<\/strong> \u0219i alte site-uri web disponibile la adresele specificate \u00een acestea<\/li><\/ul>\t\t\t\t\t\t\t\t<\/div>\n\t\t\t\t<\/div>\n\t\t\t\t\t<\/div>\n\t\t<\/div>\n\t\t\t\t\t<\/div>\n\t\t<\/section>\n\t\t\t\t\t<\/div>\n\t\t<\/div>\n\t\t\t\t\t<\/div>\n\t\t<\/section>\n\t\t\t\t<\/div>","protected":false},"excerpt":{"rendered":"<p>Politica de confiden\u021bialitate Politica de confiden\u021bialitate Datele personale pe care le furniza\u021bi sunt prelucrate de FLORICULTOR Kft. Sediul social. V\u0103 rug\u0103m s\u0103 citi\u021bi cu aten\u021bie prezenta Notificare privind confiden\u021bialitatea (denumit\u0103 \u00een continuare \"Notificarea\"), care descrie practicile noastre privind prelucrarea datelor dumneavoastr\u0103 cu caracter personal \u00een conformitate cu Regulamentul general privind protec\u021bia datelor (denumit \u00een continuare \"RGPD\", ... <a title=\"Politica de confiden\u021bialitate\" class=\"read-more\" href=\"https:\/\/dunavirag.hu\/ro\/adatkezelesi-szabalyzat\/\" aria-label=\"Cite\u0219te mai multe despre Politica de confiden\u021bialitate\">Cite\u0219te mai mult<\/a><\/p>","protected":false},"author":1,"featured_media":0,"parent":0,"menu_order":0,"comment_status":"closed","ping_status":"closed","template":"elementor_header_footer","meta":{"_seopress_robots_primary_cat":"","_seopress_titles_title":"","_seopress_titles_desc":"","_seopress_robots_index":"","footnotes":""},"class_list":["post-253","page","type-page","status-publish"],"_links":{"self":[{"href":"https:\/\/dunavirag.hu\/ro\/wp-json\/wp\/v2\/pages\/253","targetHints":{"allow":["GET"]}}],"collection":[{"href":"https:\/\/dunavirag.hu\/ro\/wp-json\/wp\/v2\/pages"}],"about":[{"href":"https:\/\/dunavirag.hu\/ro\/wp-json\/wp\/v2\/types\/page"}],"author":[{"embeddable":true,"href":"https:\/\/dunavirag.hu\/ro\/wp-json\/wp\/v2\/users\/1"}],"replies":[{"embeddable":true,"href":"https:\/\/dunavirag.hu\/ro\/wp-json\/wp\/v2\/comments?post=253"}],"version-history":[{"count":10,"href":"https:\/\/dunavirag.hu\/ro\/wp-json\/wp\/v2\/pages\/253\/revisions"}],"predecessor-version":[{"id":1126,"href":"https:\/\/dunavirag.hu\/ro\/wp-json\/wp\/v2\/pages\/253\/revisions\/1126"}],"wp:attachment":[{"href":"https:\/\/dunavirag.hu\/ro\/wp-json\/wp\/v2\/media?parent=253"}],"curies":[{"name":"wp","href":"https:\/\/api.w.org\/{rel}","templated":true}]}}