{"id":19,"date":"2024-07-10T08:22:32","date_gmt":"2024-07-10T06:22:32","guid":{"rendered":"https:\/\/uj.dunavirag.hu\/?page_id=19"},"modified":"2025-07-16T09:12:09","modified_gmt":"2025-07-16T08:12:09","slug":"dunavirag-vasarter","status":"publish","type":"page","link":"https:\/\/dunavirag.hu\/sk\/dunavirag-vasarter\/","title":{"rendered":"Online v\u00fdstavisko"},"content":{"rendered":"<div data-elementor-type=\"wp-page\" data-elementor-id=\"19\" class=\"elementor elementor-19\" data-elementor-post-type=\"page\">\n\t\t\t\t\t\t<section class=\"elementor-section elementor-top-section elementor-element elementor-element-740eb05 elementor-section-full_width elementor-section-height-min-height elementor-section-height-default elementor-section-items-middle\" data-id=\"740eb05\" data-element_type=\"section\" data-e-type=\"section\" data-settings=\"{&quot;background_background&quot;:&quot;classic&quot;}\">\n\t\t\t\t\t\t\t<div class=\"elementor-background-overlay\"><\/div>\n\t\t\t\t\t\t\t<div class=\"elementor-container elementor-column-gap-default\">\n\t\t\t\t\t<div class=\"elementor-column elementor-col-100 elementor-top-column elementor-element elementor-element-e3e7042\" data-id=\"e3e7042\" data-element_type=\"column\" data-e-type=\"column\" data-settings=\"{&quot;background_background&quot;:&quot;classic&quot;}\">\n\t\t\t<div class=\"elementor-widget-wrap elementor-element-populated\">\n\t\t\t\t\t\t<section class=\"elementor-section elementor-inner-section elementor-element elementor-element-c04a66a elementor-section-boxed elementor-section-height-default elementor-section-height-default\" data-id=\"c04a66a\" data-element_type=\"section\" data-e-type=\"section\">\n\t\t\t\t\t\t<div class=\"elementor-container elementor-column-gap-default\">\n\t\t\t\t\t<div class=\"elementor-column elementor-col-100 elementor-inner-column elementor-element elementor-element-36fc942\" data-id=\"36fc942\" data-element_type=\"column\" data-e-type=\"column\">\n\t\t\t<div class=\"elementor-widget-wrap elementor-element-populated\">\n\t\t\t\t\t\t<div class=\"elementor-element elementor-element-135591c elementor-widget elementor-widget-heading\" data-id=\"135591c\" data-element_type=\"widget\" data-e-type=\"widget\" data-widget_type=\"heading.default\">\n\t\t\t\t<div class=\"elementor-widget-container\">\n\t\t\t\t\t<h2 class=\"elementor-heading-title elementor-size-default\">V\u00fdstavisko Dunavir\u00e1g\n<\/h2>\t\t\t\t<\/div>\n\t\t\t\t<\/div>\n\t\t\t\t<div class=\"elementor-element elementor-element-2cf5d61 elementor-widget elementor-widget-heading\" data-id=\"2cf5d61\" data-element_type=\"widget\" data-e-type=\"widget\" data-widget_type=\"heading.default\">\n\t\t\t\t<div class=\"elementor-widget-container\">\n\t\t\t\t\t<h1 class=\"elementor-heading-title elementor-size-default\">Objednajte si z pohodlia domova alebo firmy kedyko\u013evek a jednoducho z na\u0161ich tis\u00edcov \u010drepn\u00edkov\u00fdch rastl\u00edn, rezan\u00fdch kvetov a dekorat\u00edvnych produktov.<\/h1>\t\t\t\t<\/div>\n\t\t\t\t<\/div>\n\t\t\t\t<div class=\"elementor-element elementor-element-92a338a elementor-align-left elementor-mobile-align-center elementor-tablet-align-center elementor-widget elementor-widget-button\" data-id=\"92a338a\" data-element_type=\"widget\" data-e-type=\"widget\" data-widget_type=\"button.default\">\n\t\t\t\t<div class=\"elementor-widget-container\">\n\t\t\t\t\t\t\t\t\t<div class=\"elementor-button-wrapper\">\n\t\t\t\t\t<a class=\"elementor-button elementor-button-link elementor-size-sm elementor-animation-float\" href=\"https:\/\/vasarterdunavirag.hu\/index.php\/customer\/account\/create\/\" target=\"_blank\">\n\t\t\t\t\t\t<span class=\"elementor-button-content-wrapper\">\n\t\t\t\t\t\t\t\t\t<span class=\"elementor-button-text\">Registr\u00e1cia<\/span>\n\t\t\t\t\t<\/span>\n\t\t\t\t\t<\/a>\n\t\t\t\t<\/div>\n\t\t\t\t\t\t\t\t<\/div>\n\t\t\t\t<\/div>\n\t\t\t\t\t<\/div>\n\t\t<\/div>\n\t\t\t\t\t<\/div>\n\t\t<\/section>\n\t\t\t\t\t<\/div>\n\t\t<\/div>\n\t\t\t\t\t<\/div>\n\t\t<\/section>\n\t\t\t\t<section class=\"elementor-section elementor-top-section elementor-element elementor-element-ee51931 elementor-section-boxed elementor-section-height-default elementor-section-height-default\" data-id=\"ee51931\" data-element_type=\"section\" data-e-type=\"section\" data-settings=\"{&quot;background_background&quot;:&quot;classic&quot;}\">\n\t\t\t\t\t\t\t<div class=\"elementor-background-overlay\"><\/div>\n\t\t\t\t\t\t\t<div class=\"elementor-container elementor-column-gap-default\">\n\t\t\t\t\t<div class=\"elementor-column elementor-col-100 elementor-top-column elementor-element elementor-element-30ed0af\" data-id=\"30ed0af\" data-element_type=\"column\" data-e-type=\"column\">\n\t\t\t<div class=\"elementor-widget-wrap elementor-element-populated\">\n\t\t\t\t\t\t<div class=\"elementor-element elementor-element-c95eb42 elementor-widget elementor-widget-heading\" data-id=\"c95eb42\" data-element_type=\"widget\" data-e-type=\"widget\" data-widget_type=\"heading.default\">\n\t\t\t\t<div class=\"elementor-widget-container\">\n\t\t\t\t\t<h3 class=\"elementor-heading-title elementor-size-default\">Dunavir\u00e1g Centrum - Online trhovisko<\/h3>\t\t\t\t<\/div>\n\t\t\t\t<\/div>\n\t\t\t\t<div class=\"elementor-element elementor-element-7516cb1 elementor-widget elementor-widget-heading\" data-id=\"7516cb1\" data-element_type=\"widget\" data-e-type=\"widget\" data-widget_type=\"heading.default\">\n\t\t\t\t<div class=\"elementor-widget-container\">\n\t\t\t\t\t<h2 class=\"elementor-heading-title elementor-size-default\">Na\u0161e online trhovisko bolo spusten\u00e9 v roku 2021 ako prv\u00e9 na trhu. Odvtedy pre\u0161lo dvoma kompletn\u00fdmi rekon\u0161trukciami, aby sme na\u0161im z\u00e1kazn\u00edkom \u010do najviac u\u013eah\u010dili objedn\u00e1vanie. M\u00f4\u017eu si u n\u00e1s pohodlne a jednoducho objedna\u0165 24 hod\u00edn denne z tis\u00edcov produktov vr\u00e1tane \u010drepn\u00edkov\u00fdch rastl\u00edn, rezan\u00fdch kvetov a dekorat\u00edvnych predmetov.<\/h2>\t\t\t\t<\/div>\n\t\t\t\t<\/div>\n\t\t\t\t<div class=\"elementor-element elementor-element-8dd3c1d elementor-align-left elementor-mobile-align-center elementor-tablet-align-center elementor-widget elementor-widget-button\" data-id=\"8dd3c1d\" data-element_type=\"widget\" data-e-type=\"widget\" data-widget_type=\"button.default\">\n\t\t\t\t<div class=\"elementor-widget-container\">\n\t\t\t\t\t\t\t\t\t<div class=\"elementor-button-wrapper\">\n\t\t\t\t\t<a class=\"elementor-button elementor-button-link elementor-size-sm elementor-animation-float\" href=\"https:\/\/vasarterdunavirag.hu\" target=\"_blank\">\n\t\t\t\t\t\t<span class=\"elementor-button-content-wrapper\">\n\t\t\t\t\t\t\t\t\t<span class=\"elementor-button-text\">V\u00fdstavisko<\/span>\n\t\t\t\t\t<\/span>\n\t\t\t\t\t<\/a>\n\t\t\t\t<\/div>\n\t\t\t\t\t\t\t\t<\/div>\n\t\t\t\t<\/div>\n\t\t\t\t<div class=\"elementor-element elementor-element-aacc702 elementor-widget elementor-widget-spacer\" data-id=\"aacc702\" data-element_type=\"widget\" data-e-type=\"widget\" data-widget_type=\"spacer.default\">\n\t\t\t\t<div class=\"elementor-widget-container\">\n\t\t\t\t\t\t\t<div class=\"elementor-spacer\">\n\t\t\t<div class=\"elementor-spacer-inner\"><\/div>\n\t\t<\/div>\n\t\t\t\t\t\t<\/div>\n\t\t\t\t<\/div>\n\t\t\t\t<div class=\"elementor-element elementor-element-4f71f74 elementor-widget elementor-widget-heading\" data-id=\"4f71f74\" data-element_type=\"widget\" data-e-type=\"widget\" data-widget_type=\"heading.default\">\n\t\t\t\t<div class=\"elementor-widget-container\">\n\t\t\t\t\t<h2 class=\"elementor-heading-title elementor-size-default\">10% z\u013eava na va\u0161u prv\u00fa online objedn\u00e1vku!<\/h2>\t\t\t\t<\/div>\n\t\t\t\t<\/div>\n\t\t\t\t<div class=\"elementor-element elementor-element-3ce2732 elementor-widget elementor-widget-heading\" data-id=\"3ce2732\" data-element_type=\"widget\" data-e-type=\"widget\" data-widget_type=\"heading.default\">\n\t\t\t\t<div class=\"elementor-widget-container\">\n\t\t\t\t\t<h2 class=\"elementor-heading-title elementor-size-default\">Zaregistrujte sa do n\u00e1\u0161ho internetov\u00e9ho obchodu a my v\u00e1m d\u00e1me z\u013eavov\u00fd kup\u00f3n 10% na v\u00e1\u0161 prv\u00fd n\u00e1kup!<\/h2>\t\t\t\t<\/div>\n\t\t\t\t<\/div>\n\t\t\t\t<div class=\"elementor-element elementor-element-0c46fee elementor-widget elementor-widget-spacer\" data-id=\"0c46fee\" data-element_type=\"widget\" data-e-type=\"widget\" data-widget_type=\"spacer.default\">\n\t\t\t\t<div class=\"elementor-widget-container\">\n\t\t\t\t\t\t\t<div class=\"elementor-spacer\">\n\t\t\t<div class=\"elementor-spacer-inner\"><\/div>\n\t\t<\/div>\n\t\t\t\t\t\t<\/div>\n\t\t\t\t<\/div>\n\t\t\t\t<section class=\"elementor-section elementor-inner-section elementor-element elementor-element-d4103e1 elementor-reverse-mobile elementor-section-boxed elementor-section-height-default elementor-section-height-default\" data-id=\"d4103e1\" data-element_type=\"section\" data-e-type=\"section\">\n\t\t\t\t\t\t<div class=\"elementor-container elementor-column-gap-default\">\n\t\t\t\t\t<div class=\"elementor-column elementor-col-50 elementor-inner-column elementor-element elementor-element-f822550\" data-id=\"f822550\" data-element_type=\"column\" data-e-type=\"column\">\n\t\t\t<div class=\"elementor-widget-wrap elementor-element-populated\">\n\t\t\t\t\t\t<div class=\"elementor-element elementor-element-aff487c elementor-widget elementor-widget-heading\" data-id=\"aff487c\" data-element_type=\"widget\" data-e-type=\"widget\" data-widget_type=\"heading.default\">\n\t\t\t\t<div class=\"elementor-widget-container\">\n\t\t\t\t\t<h2 class=\"elementor-heading-title elementor-size-default\">N\u00e1kup \u010drepn\u00edkov\u00fdch rastl\u00edn, rezan\u00fdch kvetov alebo dekorat\u00edvnych v\u00fdrobkov nebol nikdy jednoduch\u0161\u00ed.\n<br>V\u0161etko m\u00e1me na jednom mieste, z pohodlia v\u00e1\u0161ho obchodu alebo domova, 24 hod\u00edn denne!\n<br>Zaregistrujte sa u n\u00e1s a za\u017eite najjednoduch\u0161\u00ed sp\u00f4sob objedn\u00e1vky!<\/h2>\t\t\t\t<\/div>\n\t\t\t\t<\/div>\n\t\t\t\t<div class=\"elementor-element elementor-element-49e5ee3 elementor-align-center elementor-mobile-align-center elementor-tablet-align-center elementor-widget elementor-widget-button\" data-id=\"49e5ee3\" data-element_type=\"widget\" data-e-type=\"widget\" data-widget_type=\"button.default\">\n\t\t\t\t<div class=\"elementor-widget-container\">\n\t\t\t\t\t\t\t\t\t<div class=\"elementor-button-wrapper\">\n\t\t\t\t\t<a class=\"elementor-button elementor-button-link elementor-size-sm elementor-animation-float\" href=\"https:\/\/vasarterdunavirag.hu\/index.php\/customer\/account\/create\/\" target=\"_blank\">\n\t\t\t\t\t\t<span class=\"elementor-button-content-wrapper\">\n\t\t\t\t\t\t\t\t\t<span class=\"elementor-button-text\">Registr\u00e1cia<\/span>\n\t\t\t\t\t<\/span>\n\t\t\t\t\t<\/a>\n\t\t\t\t<\/div>\n\t\t\t\t\t\t\t\t<\/div>\n\t\t\t\t<\/div>\n\t\t\t\t\t<\/div>\n\t\t<\/div>\n\t\t\t\t<div class=\"elementor-column elementor-col-50 elementor-inner-column elementor-element elementor-element-b331c6c\" data-id=\"b331c6c\" data-element_type=\"column\" data-e-type=\"column\">\n\t\t\t<div class=\"elementor-widget-wrap elementor-element-populated\">\n\t\t\t\t\t\t<div class=\"elementor-element elementor-element-29948e8 elementor-widget elementor-widget-image\" data-id=\"29948e8\" data-element_type=\"widget\" data-e-type=\"widget\" data-widget_type=\"image.default\">\n\t\t\t\t<div class=\"elementor-widget-container\">\n\t\t\t\t\t\t\t\t\t\t\t\t\t\t\t<img alt=\"\" fetchpriority=\"high\" decoding=\"async\" width=\"1800\" height=\"760\" src=\"https:\/\/dunavirag.hu\/wp-content\/uploads\/2024\/07\/all-devices-black.png\" class=\"attachment-full size-full wp-image-759\" srcset=\"https:\/\/dunavirag.hu\/wp-content\/uploads\/2024\/07\/all-devices-black.png 1800w, https:\/\/dunavirag.hu\/wp-content\/uploads\/2024\/07\/all-devices-black-1536x649.png 1536w\" sizes=\"(max-width: 1800px) 100vw, 1800px\" \/>\t\t\t\t\t\t\t\t\t\t\t\t\t\t\t<\/div>\n\t\t\t\t<\/div>\n\t\t\t\t\t<\/div>\n\t\t<\/div>\n\t\t\t\t\t<\/div>\n\t\t<\/section>\n\t\t\t\t\t<\/div>\n\t\t<\/div>\n\t\t\t\t\t<\/div>\n\t\t<\/section>\n\t\t\t\t<\/div>","protected":false},"excerpt":{"rendered":"<p>Objednajte si z pohodlia domova alebo firmy kedyko\u013evek a jednoducho z na\u0161ich tis\u00edcov \u010drepn\u00edkov\u00fdch rastl\u00edn, rezan\u00fdch kvetov a dekorat\u00edvnych produktov. Registr\u00e1cia Dunavir\u00e1g Centrum - online trhovisko Na\u0161e online trhovisko vzniklo v roku 2021 ako prv\u00e9 na trhu. Odvtedy pre\u0161lo 2 kompletn\u00fdmi rekon\u0161trukciami, aby sme na\u0161im z\u00e1kazn\u00edkom \u010do najviac u\u013eah\u010dili objedn\u00e1vanie. M\u00f4\u017eu si u n\u00e1s objedn\u00e1va\u0165 24 hod\u00edn denne, pohodlne ... <a title=\"Online v\u00fdstavisko\" class=\"read-more\" href=\"https:\/\/dunavirag.hu\/sk\/dunavirag-vasarter\/\" aria-label=\"Pre\u010d\u00edtajte si viac o Online Fairground\">\u010c\u00edta\u0165 viac<\/a><\/p>","protected":false},"author":1,"featured_media":0,"parent":0,"menu_order":0,"comment_status":"closed","ping_status":"closed","template":"elementor_header_footer","meta":{"_seopress_robots_primary_cat":"","_seopress_titles_title":"","_seopress_titles_desc":"","_seopress_robots_index":"","footnotes":""},"class_list":["post-19","page","type-page","status-publish"],"_links":{"self":[{"href":"https:\/\/dunavirag.hu\/sk\/wp-json\/wp\/v2\/pages\/19","targetHints":{"allow":["GET"]}}],"collection":[{"href":"https:\/\/dunavirag.hu\/sk\/wp-json\/wp\/v2\/pages"}],"about":[{"href":"https:\/\/dunavirag.hu\/sk\/wp-json\/wp\/v2\/types\/page"}],"author":[{"embeddable":true,"href":"https:\/\/dunavirag.hu\/sk\/wp-json\/wp\/v2\/users\/1"}],"replies":[{"embeddable":true,"href":"https:\/\/dunavirag.hu\/sk\/wp-json\/wp\/v2\/comments?post=19"}],"version-history":[{"count":104,"href":"https:\/\/dunavirag.hu\/sk\/wp-json\/wp\/v2\/pages\/19\/revisions"}],"predecessor-version":[{"id":1783,"href":"https:\/\/dunavirag.hu\/sk\/wp-json\/wp\/v2\/pages\/19\/revisions\/1783"}],"wp:attachment":[{"href":"https:\/\/dunavirag.hu\/sk\/wp-json\/wp\/v2\/media?parent=19"}],"curies":[{"name":"wp","href":"https:\/\/api.w.org\/{rel}","templated":true}]}}