{"id":2063,"date":"2026-01-28T11:05:46","date_gmt":"2026-01-28T10:05:46","guid":{"rendered":"https:\/\/dunavirag.hu\/?page_id=2063"},"modified":"2026-02-25T13:04:36","modified_gmt":"2026-02-25T12:04:36","slug":"regisztracio","status":"publish","type":"page","link":"https:\/\/dunavirag.hu\/sk\/regisztracio\/","title":{"rendered":"Regisztr\u00e1ci\u00f3 &#8211; Dunavir\u00e1g Centrum"},"content":{"rendered":"<div data-elementor-type=\"wp-page\" data-elementor-id=\"2063\" class=\"elementor elementor-2063\" data-elementor-post-type=\"page\">\n\t\t\t\t\t\t<section class=\"elementor-section elementor-top-section elementor-element elementor-element-f19db7a elementor-section-boxed elementor-section-height-default elementor-section-height-default\" data-id=\"f19db7a\" data-element_type=\"section\" data-e-type=\"section\" data-settings=\"{&quot;background_background&quot;:&quot;classic&quot;}\">\n\t\t\t\t\t\t\t<div class=\"elementor-background-overlay\"><\/div>\n\t\t\t\t\t\t\t<div class=\"elementor-container elementor-column-gap-default\">\n\t\t\t\t\t<div class=\"elementor-column elementor-col-100 elementor-top-column elementor-element elementor-element-7a2b5ff\" data-id=\"7a2b5ff\" data-element_type=\"column\" data-e-type=\"column\">\n\t\t\t<div class=\"elementor-widget-wrap elementor-element-populated\">\n\t\t\t\t\t\t<section class=\"elementor-section elementor-inner-section elementor-element elementor-element-c461e69 elementor-section-boxed elementor-section-height-default elementor-section-height-default\" data-id=\"c461e69\" data-element_type=\"section\" data-e-type=\"section\" data-settings=\"{&quot;background_background&quot;:&quot;classic&quot;}\">\n\t\t\t\t\t\t\t<div class=\"elementor-background-overlay\"><\/div>\n\t\t\t\t\t\t\t<div class=\"elementor-container elementor-column-gap-default\">\n\t\t\t\t\t<div class=\"elementor-column elementor-col-100 elementor-inner-column elementor-element elementor-element-09f8c96\" data-id=\"09f8c96\" data-element_type=\"column\" data-e-type=\"column\">\n\t\t\t<div class=\"elementor-widget-wrap elementor-element-populated\">\n\t\t\t\t\t\t<div class=\"elementor-element elementor-element-08357b8 elementor-widget elementor-widget-heading\" data-id=\"08357b8\" data-element_type=\"widget\" data-e-type=\"widget\" data-widget_type=\"heading.default\">\n\t\t\t\t<div class=\"elementor-widget-container\">\n\t\t\t\t\t<h2 class=\"elementor-heading-title elementor-size-default\">Dunavir\u00e1g Centrum\n<br>Pripravte sa s nami na jar!<\/h2>\t\t\t\t<\/div>\n\t\t\t\t<\/div>\n\t\t\t\t\t<\/div>\n\t\t<\/div>\n\t\t\t\t\t<\/div>\n\t\t<\/section>\n\t\t\t\t<section class=\"elementor-section elementor-inner-section elementor-element elementor-element-4314b16 elementor-section-boxed elementor-section-height-default elementor-section-height-default\" data-id=\"4314b16\" data-element_type=\"section\" data-e-type=\"section\">\n\t\t\t\t\t\t<div class=\"elementor-container elementor-column-gap-no\">\n\t\t\t\t\t<div class=\"elementor-column elementor-col-100 elementor-inner-column elementor-element elementor-element-ce087e9\" data-id=\"ce087e9\" data-element_type=\"column\" data-e-type=\"column\">\n\t\t\t<div class=\"elementor-widget-wrap elementor-element-populated\">\n\t\t\t\t\t\t<div class=\"elementor-element elementor-element-f6ba58f elementor-widget elementor-widget-heading\" data-id=\"f6ba58f\" data-element_type=\"widget\" data-e-type=\"widget\" data-widget_type=\"heading.default\">\n\t\t\t\t<div class=\"elementor-widget-container\">\n\t\t\t\t\t<h2 class=\"elementor-heading-title elementor-size-default\">10% z\u013eava na va\u0161u prv\u00fa online objedn\u00e1vku!<\/h2>\t\t\t\t<\/div>\n\t\t\t\t<\/div>\n\t\t\t\t<div class=\"elementor-element elementor-element-85325c6 elementor-align-center elementor-mobile-align-center elementor-tablet-align-center elementor-widget elementor-widget-button\" data-id=\"85325c6\" data-element_type=\"widget\" data-e-type=\"widget\" data-widget_type=\"button.default\">\n\t\t\t\t<div class=\"elementor-widget-container\">\n\t\t\t\t\t\t\t\t\t<div class=\"elementor-button-wrapper\">\n\t\t\t\t\t<a class=\"elementor-button elementor-button-link elementor-size-sm elementor-animation-float\" href=\"https:\/\/vasarterdunavirag.hu\/index.php\/customer\/account\/create\/\" target=\"_blank\">\n\t\t\t\t\t\t<span class=\"elementor-button-content-wrapper\">\n\t\t\t\t\t\t\t\t\t<span class=\"elementor-button-text\">Zaregistrujte sa pre z\u013eavu<\/span>\n\t\t\t\t\t<\/span>\n\t\t\t\t\t<\/a>\n\t\t\t\t<\/div>\n\t\t\t\t\t\t\t\t<\/div>\n\t\t\t\t<\/div>\n\t\t\t\t\t<\/div>\n\t\t<\/div>\n\t\t\t\t\t<\/div>\n\t\t<\/section>\n\t\t\t\t<section class=\"elementor-section elementor-inner-section elementor-element elementor-element-d03debf elementor-section-boxed elementor-section-height-default elementor-section-height-default\" data-id=\"d03debf\" data-element_type=\"section\" data-e-type=\"section\">\n\t\t\t\t\t\t<div class=\"elementor-container elementor-column-gap-no\">\n\t\t\t\t\t<div class=\"elementor-column elementor-col-100 elementor-inner-column elementor-element elementor-element-603734d\" data-id=\"603734d\" data-element_type=\"column\" data-e-type=\"column\">\n\t\t\t<div class=\"elementor-widget-wrap elementor-element-populated\">\n\t\t\t\t\t\t<div class=\"elementor-element elementor-element-f6b33a3 elementor-widget elementor-widget-gallery\" data-id=\"f6b33a3\" data-element_type=\"widget\" data-e-type=\"widget\" data-settings=\"{&quot;columns_mobile&quot;:2,&quot;lazyload&quot;:&quot;yes&quot;,&quot;gallery_layout&quot;:&quot;grid&quot;,&quot;columns&quot;:4,&quot;columns_tablet&quot;:2,&quot;gap&quot;:{&quot;unit&quot;:&quot;px&quot;,&quot;size&quot;:10,&quot;sizes&quot;:[]},&quot;gap_tablet&quot;:{&quot;unit&quot;:&quot;px&quot;,&quot;size&quot;:10,&quot;sizes&quot;:[]},&quot;gap_mobile&quot;:{&quot;unit&quot;:&quot;px&quot;,&quot;size&quot;:10,&quot;sizes&quot;:[]},&quot;link_to&quot;:&quot;file&quot;,&quot;aspect_ratio&quot;:&quot;3:2&quot;,&quot;overlay_background&quot;:&quot;yes&quot;}\" data-widget_type=\"gallery.default\">\n\t\t\t\t<div class=\"elementor-widget-container\">\n\t\t\t\t\t\t\t<div class=\"elementor-gallery__container\">\n\t\t\t\t\t\t\t<a class=\"e-gallery-item elementor-gallery-item\" href=\"https:\/\/dunavirag.hu\/wp-content\/uploads\/2026\/02\/Dunavirag-111-scaled.jpg\" data-elementor-open-lightbox=\"yes\" data-elementor-lightbox-slideshow=\"f6b33a3\" data-e-action-hash=\"#elementor-action%3Aaction%3Dlightbox%26settings%3DeyJpZCI6MjMyNiwidXJsIjoiaHR0cHM6XC9cL2R1bmF2aXJhZy5odVwvd3AtY29udGVudFwvdXBsb2Fkc1wvMjAyNlwvMDJcL0R1bmF2aXJhZy0xMTEtc2NhbGVkLmpwZyIsInNsaWRlc2hvdyI6ImY2YjMzYTMifQ%3D%3D\">\n\t\t\t\t\t<div class=\"e-gallery-image elementor-gallery-item__image\" data-thumbnail=\"https:\/\/dunavirag.hu\/wp-content\/uploads\/2026\/02\/Dunavirag-111-300x300.jpg\" data-width=\"300\" data-height=\"300\" aria-label=\"\" role=\"img\" ><\/div>\n\t\t\t\t\t\t\t\t\t\t\t<div class=\"elementor-gallery-item__overlay\"><\/div>\n\t\t\t\t\t\t\t\t\t\t\t\t\t\t<\/a>\n\t\t\t\t\t\t\t<a class=\"e-gallery-item elementor-gallery-item\" href=\"https:\/\/dunavirag.hu\/wp-content\/uploads\/2026\/02\/Dunavirag-130-scaled.jpg\" data-elementor-open-lightbox=\"yes\" data-elementor-lightbox-slideshow=\"f6b33a3\" data-e-action-hash=\"#elementor-action%3Aaction%3Dlightbox%26settings%3DeyJpZCI6MjMyOSwidXJsIjoiaHR0cHM6XC9cL2R1bmF2aXJhZy5odVwvd3AtY29udGVudFwvdXBsb2Fkc1wvMjAyNlwvMDJcL0R1bmF2aXJhZy0xMzAtc2NhbGVkLmpwZyIsInNsaWRlc2hvdyI6ImY2YjMzYTMifQ%3D%3D\">\n\t\t\t\t\t<div class=\"e-gallery-image elementor-gallery-item__image\" data-thumbnail=\"https:\/\/dunavirag.hu\/wp-content\/uploads\/2026\/02\/Dunavirag-130-300x300.jpg\" data-width=\"300\" data-height=\"300\" aria-label=\"\" role=\"img\" ><\/div>\n\t\t\t\t\t\t\t\t\t\t\t<div class=\"elementor-gallery-item__overlay\"><\/div>\n\t\t\t\t\t\t\t\t\t\t\t\t\t\t<\/a>\n\t\t\t\t\t\t\t<a class=\"e-gallery-item elementor-gallery-item\" href=\"https:\/\/dunavirag.hu\/wp-content\/uploads\/2026\/02\/Dunavirag-122-scaled.jpg\" data-elementor-open-lightbox=\"yes\" data-elementor-lightbox-slideshow=\"f6b33a3\" data-e-action-hash=\"#elementor-action%3Aaction%3Dlightbox%26settings%3DeyJpZCI6MjMyNywidXJsIjoiaHR0cHM6XC9cL2R1bmF2aXJhZy5odVwvd3AtY29udGVudFwvdXBsb2Fkc1wvMjAyNlwvMDJcL0R1bmF2aXJhZy0xMjItc2NhbGVkLmpwZyIsInNsaWRlc2hvdyI6ImY2YjMzYTMifQ%3D%3D\">\n\t\t\t\t\t<div class=\"e-gallery-image elementor-gallery-item__image\" data-thumbnail=\"https:\/\/dunavirag.hu\/wp-content\/uploads\/2026\/02\/Dunavirag-122-300x300.jpg\" data-width=\"300\" data-height=\"300\" aria-label=\"\" role=\"img\" ><\/div>\n\t\t\t\t\t\t\t\t\t\t\t<div class=\"elementor-gallery-item__overlay\"><\/div>\n\t\t\t\t\t\t\t\t\t\t\t\t\t\t<\/a>\n\t\t\t\t\t\t\t<a class=\"e-gallery-item elementor-gallery-item\" href=\"https:\/\/dunavirag.hu\/wp-content\/uploads\/2026\/02\/Dunavirag-59-scaled.jpg\" data-elementor-open-lightbox=\"yes\" data-elementor-lightbox-slideshow=\"f6b33a3\" data-e-action-hash=\"#elementor-action%3Aaction%3Dlightbox%26settings%3DeyJpZCI6MjMyNSwidXJsIjoiaHR0cHM6XC9cL2R1bmF2aXJhZy5odVwvd3AtY29udGVudFwvdXBsb2Fkc1wvMjAyNlwvMDJcL0R1bmF2aXJhZy01OS1zY2FsZWQuanBnIiwic2xpZGVzaG93IjoiZjZiMzNhMyJ9\">\n\t\t\t\t\t<div class=\"e-gallery-image elementor-gallery-item__image\" data-thumbnail=\"https:\/\/dunavirag.hu\/wp-content\/uploads\/2026\/02\/Dunavirag-59-300x300.jpg\" data-width=\"300\" data-height=\"300\" aria-label=\"\" role=\"img\" ><\/div>\n\t\t\t\t\t\t\t\t\t\t\t<div class=\"elementor-gallery-item__overlay\"><\/div>\n\t\t\t\t\t\t\t\t\t\t\t\t\t\t<\/a>\n\t\t\t\t\t\t\t<a class=\"e-gallery-item elementor-gallery-item\" href=\"https:\/\/dunavirag.hu\/wp-content\/uploads\/2026\/02\/Dunavirag-133-scaled.jpg\" data-elementor-open-lightbox=\"yes\" data-elementor-lightbox-slideshow=\"f6b33a3\" data-e-action-hash=\"#elementor-action%3Aaction%3Dlightbox%26settings%3DeyJpZCI6MjMzMCwidXJsIjoiaHR0cHM6XC9cL2R1bmF2aXJhZy5odVwvd3AtY29udGVudFwvdXBsb2Fkc1wvMjAyNlwvMDJcL0R1bmF2aXJhZy0xMzMtc2NhbGVkLmpwZyIsInNsaWRlc2hvdyI6ImY2YjMzYTMifQ%3D%3D\">\n\t\t\t\t\t<div class=\"e-gallery-image elementor-gallery-item__image\" data-thumbnail=\"https:\/\/dunavirag.hu\/wp-content\/uploads\/2026\/02\/Dunavirag-133-300x300.jpg\" data-width=\"300\" data-height=\"300\" aria-label=\"\" role=\"img\" ><\/div>\n\t\t\t\t\t\t\t\t\t\t\t<div class=\"elementor-gallery-item__overlay\"><\/div>\n\t\t\t\t\t\t\t\t\t\t\t\t\t\t<\/a>\n\t\t\t\t\t\t\t<a class=\"e-gallery-item elementor-gallery-item\" href=\"https:\/\/dunavirag.hu\/wp-content\/uploads\/2026\/02\/Dunavirag-127-scaled.jpg\" data-elementor-open-lightbox=\"yes\" data-elementor-lightbox-slideshow=\"f6b33a3\" data-e-action-hash=\"#elementor-action%3Aaction%3Dlightbox%26settings%3DeyJpZCI6MjMyOCwidXJsIjoiaHR0cHM6XC9cL2R1bmF2aXJhZy5odVwvd3AtY29udGVudFwvdXBsb2Fkc1wvMjAyNlwvMDJcL0R1bmF2aXJhZy0xMjctc2NhbGVkLmpwZyIsInNsaWRlc2hvdyI6ImY2YjMzYTMifQ%3D%3D\">\n\t\t\t\t\t<div class=\"e-gallery-image elementor-gallery-item__image\" data-thumbnail=\"https:\/\/dunavirag.hu\/wp-content\/uploads\/2026\/02\/Dunavirag-127-300x300.jpg\" data-width=\"300\" data-height=\"300\" aria-label=\"\" role=\"img\" ><\/div>\n\t\t\t\t\t\t\t\t\t\t\t<div class=\"elementor-gallery-item__overlay\"><\/div>\n\t\t\t\t\t\t\t\t\t\t\t\t\t\t<\/a>\n\t\t\t\t\t\t\t<a class=\"e-gallery-item elementor-gallery-item\" href=\"https:\/\/dunavirag.hu\/wp-content\/uploads\/2026\/02\/Dunavirag-31-scaled.jpg\" data-elementor-open-lightbox=\"yes\" data-elementor-lightbox-slideshow=\"f6b33a3\" data-e-action-hash=\"#elementor-action%3Aaction%3Dlightbox%26settings%3DeyJpZCI6MjMyNCwidXJsIjoiaHR0cHM6XC9cL2R1bmF2aXJhZy5odVwvd3AtY29udGVudFwvdXBsb2Fkc1wvMjAyNlwvMDJcL0R1bmF2aXJhZy0zMS1zY2FsZWQuanBnIiwic2xpZGVzaG93IjoiZjZiMzNhMyJ9\">\n\t\t\t\t\t<div class=\"e-gallery-image elementor-gallery-item__image\" data-thumbnail=\"https:\/\/dunavirag.hu\/wp-content\/uploads\/2026\/02\/Dunavirag-31-300x300.jpg\" data-width=\"300\" data-height=\"300\" aria-label=\"\" role=\"img\" ><\/div>\n\t\t\t\t\t\t\t\t\t\t\t<div class=\"elementor-gallery-item__overlay\"><\/div>\n\t\t\t\t\t\t\t\t\t\t\t\t\t\t<\/a>\n\t\t\t\t\t\t\t<a class=\"e-gallery-item elementor-gallery-item\" href=\"https:\/\/dunavirag.hu\/wp-content\/uploads\/2026\/02\/Dunavirag-25-scaled.jpg\" data-elementor-open-lightbox=\"yes\" data-elementor-lightbox-slideshow=\"f6b33a3\" data-e-action-hash=\"#elementor-action%3Aaction%3Dlightbox%26settings%3DeyJpZCI6MjMyMywidXJsIjoiaHR0cHM6XC9cL2R1bmF2aXJhZy5odVwvd3AtY29udGVudFwvdXBsb2Fkc1wvMjAyNlwvMDJcL0R1bmF2aXJhZy0yNS1zY2FsZWQuanBnIiwic2xpZGVzaG93IjoiZjZiMzNhMyJ9\">\n\t\t\t\t\t<div class=\"e-gallery-image elementor-gallery-item__image\" data-thumbnail=\"https:\/\/dunavirag.hu\/wp-content\/uploads\/2026\/02\/Dunavirag-25-300x300.jpg\" data-width=\"300\" data-height=\"300\" aria-label=\"\" role=\"img\" ><\/div>\n\t\t\t\t\t\t\t\t\t\t\t<div class=\"elementor-gallery-item__overlay\"><\/div>\n\t\t\t\t\t\t\t\t\t\t\t\t\t\t<\/a>\n\t\t\t\t\t<\/div>\n\t\t\t\t\t<\/div>\n\t\t\t\t<\/div>\n\t\t\t\t\t<\/div>\n\t\t<\/div>\n\t\t\t\t\t<\/div>\n\t\t<\/section>\n\t\t\t\t<section class=\"elementor-section elementor-inner-section elementor-element elementor-element-569b64b elementor-section-boxed elementor-section-height-default elementor-section-height-default\" data-id=\"569b64b\" data-element_type=\"section\" data-e-type=\"section\" data-settings=\"{&quot;background_background&quot;:&quot;classic&quot;}\">\n\t\t\t\t\t\t\t<div class=\"elementor-background-overlay\"><\/div>\n\t\t\t\t\t\t\t<div class=\"elementor-container elementor-column-gap-default\">\n\t\t\t\t\t<div class=\"elementor-column elementor-col-50 elementor-inner-column elementor-element elementor-element-f86b33d\" data-id=\"f86b33d\" data-element_type=\"column\" data-e-type=\"column\">\n\t\t\t<div class=\"elementor-widget-wrap elementor-element-populated\">\n\t\t\t\t\t\t<div class=\"elementor-element elementor-element-1fb2942 elementor-widget elementor-widget-heading\" data-id=\"1fb2942\" data-element_type=\"widget\" data-e-type=\"widget\" data-widget_type=\"heading.default\">\n\t\t\t\t<div class=\"elementor-widget-container\">\n\t\t\t\t\t<h2 class=\"elementor-heading-title elementor-size-default\">\u2713 Viac ako 10 000 produktov\n<br>\u2713 Kvetiny v kvetin\u00e1\u010doch a rezan\u00e9 kvety, dekorat\u00edvne a floristick\u00e9 n\u00e1stroje\n<br>\u2713 V\u0161etko na jednom mieste\n<br>\u2713 V\u017edy \u010derstv\u00e9 z\u00e1soby<\/h2>\t\t\t\t<\/div>\n\t\t\t\t<\/div>\n\t\t\t\t<div class=\"elementor-element elementor-element-eb0a822 elementor-widget elementor-widget-heading\" data-id=\"eb0a822\" data-element_type=\"widget\" data-e-type=\"widget\" data-widget_type=\"heading.default\">\n\t\t\t\t<div class=\"elementor-widget-container\">\n\t\t\t\t\t<h2 class=\"elementor-heading-title elementor-size-default\">Vo ve\u013ekoobchode Dunavir\u00e1g Centrum len <b>m\u00f4\u017eeme sl\u00fa\u017ei\u0165 z\u00e1kazn\u00edkom s platn\u00fdm obchodn\u00fdm<\/b>.<\/h2>\t\t\t\t<\/div>\n\t\t\t\t<\/div>\n\t\t\t\t<div class=\"elementor-element elementor-element-d82bf23 elementor-widget elementor-widget-heading\" data-id=\"d82bf23\" data-element_type=\"widget\" data-e-type=\"widget\" data-widget_type=\"heading.default\">\n\t\t\t\t<div class=\"elementor-widget-container\">\n\t\t\t\t\t<h2 class=\"elementor-heading-title elementor-size-default\">Nav\u0161t\u00edvte n\u00e1s osobne:\n<\/br>2310 Szigetszentmikl\u00f3s, Leshegy utca 1\/c<\/h2>\t\t\t\t<\/div>\n\t\t\t\t<\/div>\n\t\t\t\t\t<\/div>\n\t\t<\/div>\n\t\t\t\t<div class=\"elementor-column elementor-col-50 elementor-inner-column elementor-element elementor-element-88cfc20\" data-id=\"88cfc20\" data-element_type=\"column\" data-e-type=\"column\">\n\t\t\t<div class=\"elementor-widget-wrap elementor-element-populated\">\n\t\t\t\t\t\t<div class=\"elementor-element elementor-element-db1c543 elementor-position-top elementor-widget elementor-widget-image-box\" data-id=\"db1c543\" data-element_type=\"widget\" data-e-type=\"widget\" data-widget_type=\"image-box.default\">\n\t\t\t\t<div class=\"elementor-widget-container\">\n\t\t\t\t\t<div class=\"elementor-image-box-wrapper\"><figure class=\"elementor-image-box-img\"><img fetchpriority=\"high\" decoding=\"async\" width=\"1024\" height=\"1024\" src=\"https:\/\/dunavirag.hu\/wp-content\/uploads\/2024\/07\/store-timings-svgrepo-com.png\" class=\"attachment-full size-full wp-image-244\" alt=\"Dunavir\u00e1g Centrum - Vir\u00e1g Nagyker \u00e9s Vir\u00e1gpiac, Vir\u00e1gk\u00f6t\u00e9szeti Kell\u00e9kek, Lak\u00e1sdekor\u00e1ci\u00f3, Cserepes Vir\u00e1g\" srcset=\"https:\/\/dunavirag.hu\/wp-content\/uploads\/2024\/07\/store-timings-svgrepo-com.png 1024w, https:\/\/dunavirag.hu\/wp-content\/uploads\/2024\/07\/store-timings-svgrepo-com-300x300.png 300w, https:\/\/dunavirag.hu\/wp-content\/uploads\/2024\/07\/store-timings-svgrepo-com-150x150.png 150w, https:\/\/dunavirag.hu\/wp-content\/uploads\/2024\/07\/store-timings-svgrepo-com-768x768.png 768w\" sizes=\"(max-width: 1024px) 100vw, 1024px\" \/><\/figure><div class=\"elementor-image-box-content\"><h2 class=\"elementor-image-box-title\">Otv\u00e1racie hodiny<\/h2><\/div><\/div>\t\t\t\t<\/div>\n\t\t\t\t<\/div>\n\t\t\t\t<div class=\"elementor-element elementor-element-b4a3adc elementor-align-center elementor-icon-list--layout-traditional elementor-list-item-link-full_width elementor-widget elementor-widget-icon-list\" data-id=\"b4a3adc\" data-element_type=\"widget\" data-e-type=\"widget\" data-widget_type=\"icon-list.default\">\n\t\t\t\t<div class=\"elementor-widget-container\">\n\t\t\t\t\t\t\t<ul class=\"elementor-icon-list-items\">\n\t\t\t\t\t\t\t<li class=\"elementor-icon-list-item\">\n\t\t\t\t\t\t\t\t\t\t<span class=\"elementor-icon-list-text\">Pondelok: 5:00 - 15:00<\/span>\n\t\t\t\t\t\t\t\t\t<\/li>\n\t\t\t\t\t\t\t\t<li class=\"elementor-icon-list-item\">\n\t\t\t\t\t\t\t\t\t\t<span class=\"elementor-icon-list-text\">Utorok: 7:00 - 17:00<\/span>\n\t\t\t\t\t\t\t\t\t<\/li>\n\t\t\t\t\t\t\t\t<li class=\"elementor-icon-list-item\">\n\t\t\t\t\t\t\t\t\t\t<span class=\"elementor-icon-list-text\">Streda: 7:00 - 17:00<\/span>\n\t\t\t\t\t\t\t\t\t<\/li>\n\t\t\t\t\t\t\t\t<li class=\"elementor-icon-list-item\">\n\t\t\t\t\t\t\t\t\t\t<span class=\"elementor-icon-list-text\">\u0160tvrtok: 5:00 - 15:00<\/span>\n\t\t\t\t\t\t\t\t\t<\/li>\n\t\t\t\t\t\t\t\t<li class=\"elementor-icon-list-item\">\n\t\t\t\t\t\t\t\t\t\t<span class=\"elementor-icon-list-text\">Piatok: 7:00 - 17:00<\/span>\n\t\t\t\t\t\t\t\t\t<\/li>\n\t\t\t\t\t\t\t\t<li class=\"elementor-icon-list-item\">\n\t\t\t\t\t\t\t\t\t\t<span class=\"elementor-icon-list-text\">Sobota: 7:00 - 17:00<\/span>\n\t\t\t\t\t\t\t\t\t<\/li>\n\t\t\t\t\t\t\t\t<li class=\"elementor-icon-list-item\">\n\t\t\t\t\t\t\t\t\t\t<span class=\"elementor-icon-list-text\">Nede\u013ea: 7:00 - 14:00<\/span>\n\t\t\t\t\t\t\t\t\t<\/li>\n\t\t\t\t\t\t<\/ul>\n\t\t\t\t\t\t<\/div>\n\t\t\t\t<\/div>\n\t\t\t\t\t<\/div>\n\t\t<\/div>\n\t\t\t\t\t<\/div>\n\t\t<\/section>\n\t\t\t\t\t<\/div>\n\t\t<\/div>\n\t\t\t\t\t<\/div>\n\t\t<\/section>\n\t\t\t\t<\/div>","protected":false},"excerpt":{"rendered":"<p>Dunavir\u00e1g Centrum K\u00e9sz\u00fclj vel\u00fcnk a tavaszra! 10% kedvezm\u00e9ny az els\u0151 online rendel\u00e9sedb\u0151l! Regisztr\u00e1ci\u00f3 a kedvezm\u00e9ny\u00e9rt \u2713 T\u00f6bb, mint 10.000 term\u00e9k \u2713 Cserepes \u00e9s v\u00e1gott vir\u00e1gok, dekor\u00e1ci\u00f3s \u00e9s vir\u00e1gk\u00f6t\u00e9szeti eszk\u00f6z\u00f6k \u2713 Minden egy helyen \u2713 Folyamatosan friss \u00e1ruk\u00e9szlet A Dunavir\u00e1g Centrum nagykeresked\u00e9sben kiz\u00e1r\u00f3lag \u00e9rv\u00e9nyes v\u00e1llalkoz\u00e1ssal rendelkez\u0151 v\u00e1s\u00e1rl\u00f3kat tudunk kiszolg\u00e1lni. L\u00e1togass el hozz\u00e1nk szem\u00e9lyesen: 2310 Szigetszentmikl\u00f3s, Leshegy &#8230; <a title=\"Regisztr\u00e1ci\u00f3 &#8211; Dunavir\u00e1g Centrum\" class=\"read-more\" href=\"https:\/\/dunavirag.hu\/sk\/regisztracio\/\" aria-label=\"Pre\u010d\u00edtajte si viac o Regisztr\u00e1ci\u00f3 &#8211; Dunavir\u00e1g Centrum\">\u010c\u00edta\u0165 viac<\/a><\/p>","protected":false},"author":1,"featured_media":0,"parent":0,"menu_order":0,"comment_status":"closed","ping_status":"closed","template":"elementor_header_footer","meta":{"_seopress_robots_primary_cat":"","_seopress_titles_title":"","_seopress_titles_desc":"","_seopress_robots_index":"","footnotes":""},"class_list":["post-2063","page","type-page","status-publish"],"_links":{"self":[{"href":"https:\/\/dunavirag.hu\/sk\/wp-json\/wp\/v2\/pages\/2063","targetHints":{"allow":["GET"]}}],"collection":[{"href":"https:\/\/dunavirag.hu\/sk\/wp-json\/wp\/v2\/pages"}],"about":[{"href":"https:\/\/dunavirag.hu\/sk\/wp-json\/wp\/v2\/types\/page"}],"author":[{"embeddable":true,"href":"https:\/\/dunavirag.hu\/sk\/wp-json\/wp\/v2\/users\/1"}],"replies":[{"embeddable":true,"href":"https:\/\/dunavirag.hu\/sk\/wp-json\/wp\/v2\/comments?post=2063"}],"version-history":[{"count":214,"href":"https:\/\/dunavirag.hu\/sk\/wp-json\/wp\/v2\/pages\/2063\/revisions"}],"predecessor-version":[{"id":2369,"href":"https:\/\/dunavirag.hu\/sk\/wp-json\/wp\/v2\/pages\/2063\/revisions\/2369"}],"wp:attachment":[{"href":"https:\/\/dunavirag.hu\/sk\/wp-json\/wp\/v2\/media?parent=2063"}],"curies":[{"name":"wp","href":"https:\/\/api.w.org\/{rel}","templated":true}]}}