{"id":253,"date":"2024-07-10T12:33:48","date_gmt":"2024-07-10T10:33:48","guid":{"rendered":"https:\/\/uj.dunavirag.hu\/?page_id=253"},"modified":"2024-08-28T13:25:43","modified_gmt":"2024-08-28T11:25:43","slug":"adatkezelesi-szabalyzat","status":"publish","type":"page","link":"https:\/\/dunavirag.hu\/sk\/adatkezelesi-szabalyzat\/","title":{"rendered":"Z\u00e1sady ochrany osobn\u00fdch \u00fadajov"},"content":{"rendered":"<div data-elementor-type=\"wp-page\" data-elementor-id=\"253\" class=\"elementor elementor-253\" data-elementor-post-type=\"page\">\n\t\t\t\t\t\t<section class=\"elementor-section elementor-top-section elementor-element elementor-element-4655620 elementor-section-full_width elementor-section-height-default elementor-section-height-default\" data-id=\"4655620\" data-element_type=\"section\" data-e-type=\"section\" data-settings=\"{&quot;background_background&quot;:&quot;classic&quot;}\">\n\t\t\t\t\t\t\t<div class=\"elementor-background-overlay\"><\/div>\n\t\t\t\t\t\t\t<div class=\"elementor-container elementor-column-gap-default\">\n\t\t\t\t\t<div class=\"elementor-column elementor-col-100 elementor-top-column elementor-element elementor-element-1e18289\" data-id=\"1e18289\" data-element_type=\"column\" data-e-type=\"column\" data-settings=\"{&quot;background_background&quot;:&quot;classic&quot;}\">\n\t\t\t<div class=\"elementor-widget-wrap elementor-element-populated\">\n\t\t\t\t\t\t<section class=\"elementor-section elementor-inner-section elementor-element elementor-element-fd3ac34 elementor-section-boxed elementor-section-height-default elementor-section-height-default\" data-id=\"fd3ac34\" data-element_type=\"section\" data-e-type=\"section\">\n\t\t\t\t\t\t<div class=\"elementor-container elementor-column-gap-default\">\n\t\t\t\t\t<div class=\"elementor-column elementor-col-100 elementor-inner-column elementor-element elementor-element-0648edc\" data-id=\"0648edc\" data-element_type=\"column\" data-e-type=\"column\">\n\t\t\t<div class=\"elementor-widget-wrap elementor-element-populated\">\n\t\t\t\t\t\t<div class=\"elementor-element elementor-element-8c43d2e elementor-widget elementor-widget-heading\" data-id=\"8c43d2e\" data-element_type=\"widget\" data-e-type=\"widget\" data-widget_type=\"heading.default\">\n\t\t\t\t<div class=\"elementor-widget-container\">\n\t\t\t\t\t<h2 class=\"elementor-heading-title elementor-size-default\">Z\u00e1sady ochrany osobn\u00fdch \u00fadajov<\/h2>\t\t\t\t<\/div>\n\t\t\t\t<\/div>\n\t\t\t\t\t<\/div>\n\t\t<\/div>\n\t\t\t\t\t<\/div>\n\t\t<\/section>\n\t\t\t\t<section class=\"elementor-section elementor-inner-section elementor-element elementor-element-d0b3f6b elementor-section-boxed elementor-section-height-default elementor-section-height-default\" data-id=\"d0b3f6b\" data-element_type=\"section\" data-e-type=\"section\">\n\t\t\t\t\t\t<div class=\"elementor-container elementor-column-gap-default\">\n\t\t\t\t\t<div class=\"elementor-column elementor-col-100 elementor-inner-column elementor-element elementor-element-6b837c6\" data-id=\"6b837c6\" data-element_type=\"column\" data-e-type=\"column\">\n\t\t\t<div class=\"elementor-widget-wrap elementor-element-populated\">\n\t\t\t\t\t\t<div class=\"elementor-element elementor-element-63dda03 elementor-widget elementor-widget-text-editor\" data-id=\"63dda03\" data-element_type=\"widget\" data-e-type=\"widget\" data-widget_type=\"text-editor.default\">\n\t\t\t\t<div class=\"elementor-widget-container\">\n\t\t\t\t\t\t\t\t\t<p>Z\u00e1sady ochrany osobn\u00fdch \u00fadajov<\/p><p>sprac\u00fava vami poskytnut\u00e9 osobn\u00e9 \u00fadaje:<\/p><p><strong>FLORICULTOR s.r.o.<\/strong><\/p><p>S\u00eddlo: 2310, Szigetszentmikl\u00f3s, Leshegy utca 1\/c<br \/>Da\u0148ov\u00e9 \u010d\u00edslo: 26307297-2-13<br \/>Registra\u010dn\u00e9 \u010d\u00edslo spolo\u010dnosti: 13-09-192896<\/p><p>Registra\u010dn\u00fd s\u00fad: Obchodn\u00fd s\u00fad Okresn\u00e9ho s\u00fadu v Budape\u0161ti - \u010falej len \"s\u00fad\": <strong>Spr\u00e1vca \u00fadajov<\/strong>.<\/p><p>Pozorne si pre\u010d\u00edtajte toto ozn\u00e1menie o ochrane osobn\u00fdch \u00fadajov (\u010falej len: <strong>Informa\u010dn\u00fd let\u00e1k<\/strong>), v ktorom opisujeme na\u0161e postupy t\u00fdkaj\u00face sa spracovania va\u0161ich osobn\u00fdch \u00fadajov v s\u00falade so v\u0161eobecn\u00fdm nariaden\u00edm o ochrane \u00fadajov (GDPR, t. j. nariadenie Eur\u00f3pskeho parlamentu a Rady 2016\/679). Toto ozn\u00e1menie sa vz\u0165ahuje na osoby, ktor\u00e9 vyu\u017e\u00edvaj\u00fa slu\u017eby prev\u00e1dzkovate\u013ea ako spotrebitelia (<strong>Vy<\/strong>) sa uplat\u0148uje. Opisuje sa v \u0148om, ako spr\u00e1vca \u00fadajov zhroma\u017e\u010fuje, pou\u017e\u00edva a v ur\u010dit\u00fdch pr\u00edpadoch zdie\u013ea va\u0161e osobn\u00e9 \u00fadaje s tret\u00edmi stranami, a poskytuje inform\u00e1cie o va\u0161ich pr\u00e1vach \"dotknutej osoby\" v s\u00favislosti so spracovan\u00edm \u00fadajov.<\/p><p>Spr\u00e1vca \u00fadajov (spolo\u010dnos\u0165 FLORICULTOR s.r.o.) sa zav\u00e4zuje chr\u00e1ni\u0165 osobn\u00e9 \u00fadaje a s\u00fakromie os\u00f4b, ktor\u00e9 nav\u0161t\u00edvia t\u00fato webov\u00fa lokalitu. Toto ozn\u00e1menie a vyhl\u00e1senie sa t\u00fdka predov\u0161etk\u00fdm d\u00f4vernosti a ochrany osobn\u00fdch \u00fadajov z\u00e1kazn\u00edkov a odberate\u013eov informa\u010dn\u00fdch bulletinov prostredn\u00edctvom internetu, ale zah\u0155\u0148a aj n\u00e1v\u0161tevn\u00edkov str\u00e1nky. Zhrnieme, ako m\u00f4\u017ee vlastn\u00edk zhroma\u017e\u010fova\u0165 a pou\u017e\u00edva\u0165 inform\u00e1cie o v\u00e1s a ako ich m\u00f4\u017ee pou\u017ei\u0165. \u00dadaje nebud\u00fa spr\u00edstupnen\u00e9 neopr\u00e1vnen\u00fdm osob\u00e1m a bud\u00fa pou\u017eit\u00e9 sp\u00f4sobom uveden\u00fdm v tomto ozn\u00e1men\u00ed.<\/p><p>V osobitn\u00fdch pr\u00edpadoch m\u00f4\u017ee by\u0165 \u00fa\u010del spracovania upraven\u00fd v zmluv\u00e1ch za podmienok stanoven\u00fdch v zmluve.<\/p><p>Toto ozn\u00e1menie v\u00e1m poskytuje d\u00f4le\u017eit\u00e9 inform\u00e1cie o ochrane va\u0161ich osobn\u00fdch \u00fadajov a va\u0161ich pr\u00e1vach. Ak nes\u00fahlas\u00edte s t\u00fdmito podmienkami, m\u00e1te pr\u00e1vo pozastavi\u0165 pou\u017e\u00edvanie webovej str\u00e1nky a ukon\u010di\u0165 jej prehliadanie bez poskytnutia ak\u00fdchko\u013evek osobn\u00fdch \u00fadajov.<\/p><h3><strong>ZODPOVEDNOS\u0164 A KONTAKTN\u00c9 \u00daDAJE PREV\u00c1DZKOVATE\u013dA<\/strong><\/h3><p><strong>1.1 Inform\u00e1cie o spr\u00e1ve \u00fadajov<\/strong><\/p><p>Pokia\u013e ide o spracovanie \u00fadajov op\u00edsan\u00fdch v tomto ozn\u00e1men\u00ed <strong>FLORICULTOR s.r.o. <\/strong>kontrol\u00f3ra (\u010falej len: <strong>Spr\u00e1vca \u00fadajov<\/strong>).<\/p><p>V pr\u00edpade pripomienok, ot\u00e1zok alebo s\u0165a\u017enost\u00ed t\u00fdkaj\u00facich sa na\u0161ich postupov ochrany osobn\u00fdch \u00fadajov n\u00e1s kontaktujte na adrese: <strong>FLORICULTOR s.r.o.<\/strong> 2310, Szigetszentmikl\u00f3s, Leshegy utca 1\/c alebo p\u00ed\u0161te na adresu <a href=\"mailto:partnerkapcsolat@dunavirag.hu\">partnerkapcsolat@dunavirag.hu<\/a> na t\u00fato e-mailov\u00fa adresu.<\/p><table width=\"602\"><tbody><tr><td width=\"302\"><p><strong>Spr\u00e1vca \u00fadajov<\/strong><\/p><\/td><td width=\"300\"><p><strong>Zodpovednosti<\/strong><\/p><\/td><\/tr><tr><td width=\"302\"><p><strong>FLORICULTOR s.r.o.<br \/>2310, Szigetszentmikl\u00f3s, Leshegy utca 1\/c<\/strong><\/p><\/td><td width=\"300\"><p>Celkov\u00e1 \u010dinnos\u0165<\/p><\/td><\/tr><\/tbody><\/table><p>\u00a0<\/p><p>Na na\u0161e webov\u00e9 str\u00e1nky m\u00f4\u017eete pristupova\u0165 aj bez poskytnutia osobn\u00fdch \u00fadajov, ale pri prehliadan\u00ed mus\u00edte akceptova\u0165 z\u00e1sady pou\u017e\u00edvania s\u00faborov cookie a pri prihl\u00e1sen\u00ed sa na odber n\u00e1\u0161ho informa\u010dn\u00e9ho bulletinu aj ozn\u00e1menie o ochrane osobn\u00fdch \u00fadajov a vyhl\u00e1senie o ochrane osobn\u00fdch \u00fadajov. Osobn\u00e9 \u00fadaje s\u00fa ak\u00e9ko\u013evek inform\u00e1cie t\u00fdkaj\u00face sa fyzickej osoby, ktor\u00fa mo\u017eno priamo alebo nepriamo identifikova\u0165 na z\u00e1klade identifika\u010dn\u00e9ho \u010d\u00edsla alebo \u00fadajov t\u00fdkaj\u00facich sa tohto \u010d\u00edsla. V pr\u00edpade, \u017ee vlastn\u00edk str\u00e1nky zhroma\u017e\u010fuje va\u0161e osobn\u00e9 \u00fadaje, zhroma\u017e\u010fovanie \u00fadajov sa uskuto\u010d\u0148uje transparentn\u00fdm a d\u00f4vern\u00fdm sp\u00f4sobom.<\/p><p>Va\u0161e osobn\u00e9 \u00fadaje s\u00fa inform\u00e1cie, ktor\u00e9 n\u00e1m umo\u017e\u0148uj\u00fa v\u00e1s identifikova\u0165, ako napr\u00edklad va\u0161e priezvisko, meno, \u0161t\u00e1tna pr\u00edslu\u0161nos\u0165, telef\u00f3nne \u010d\u00edslo, po\u0161tov\u00e1 adresa, e-mailov\u00e1 adresa. Va\u0161e osobn\u00e9 \u00fadaje zhroma\u017e\u010fuje majite\u013e dobrovo\u013ene, ke\u010f si prezer\u00e1te str\u00e1nku, pri\u010dom v ka\u017edom pr\u00edpade uv\u00e1dza inform\u00e1cie, ktor\u00e9 je potrebn\u00e9 poskytn\u00fa\u0165 na dosiahnutie \u00fa\u010delu. Ak si ne\u017eel\u00e1te poskytn\u00fa\u0165 tieto \u00fadaje, nebudete ma\u0165 pr\u00edstup k niektor\u00fdm funkci\u00e1m a slu\u017eb\u00e1m str\u00e1nky. Zhroma\u017e\u010fovanie nepovinn\u00fdch \u00fadajov sl\u00fa\u017ei na pochopenie potrieb pou\u017e\u00edvate\u013eov a na zlep\u0161enie webovej lokality a jej slu\u017eieb.<\/p><p>Vlastn\u00edk prijme v\u0161etky opatrenia, aby zabezpe\u010dil presnos\u0165 a aktu\u00e1lnos\u0165 osobn\u00fdch \u00fadajov, ktor\u00e9 sprac\u00fava.<\/p><p><strong>Sprac\u00favaj\u00fa sa tieto osobn\u00e9 \u00fadaje:<\/strong><\/p><ul><li>Priezvisko, meno, n\u00e1zov spolo\u010dnosti a kontaktn\u00e9 meno (pre spolo\u010dnos\u0165)<\/li><li>Adresa s\u00eddla (v pr\u00edpade spolo\u010dnosti), adresa, po\u0161tov\u00e1 adresa<\/li><li>E-mailov\u00e1 adresa<\/li><li>Telef\u00f3nne \u010d\u00edslo<\/li><li>Syst\u00e9mov\u00e9 inform\u00e1cie (IP adresa, verzia syst\u00e9mu, rozl\u00ed\u0161enie, \u0161tatistiky zobrazen\u00fdch str\u00e1nok na webovej lokalite, n\u00e1vyky pri prehliadan\u00ed, vzorce spr\u00e1vania)<\/li><\/ul><h3><strong>Trvanie spracovania \u00fadajov:<\/strong><\/h3><ul><li>Pokia\u013e ide o s\u00fahlasy s priamym marketingom, a\u017e do odvolania s\u00fahlasu pou\u017e\u00edvate\u013ea<\/li><li>V pr\u00edpade profilov\u00fdch \u00fadajov 4 roky od posledn\u00e9ho prihl\u00e1senia<\/li><li>V pr\u00edpade \u00fadajov o n\u00e1kupoch 8 rokov pod\u013ea \u00a7 169 ods. 2 z\u00e1kona o \u00fa\u010dtovn\u00edctve<\/li><\/ul><h3><strong>Podmienky prenosu \u00fadajov<\/strong><\/h3><p>Spr\u00e1vca \u00fadajov m\u00f4\u017ee \u00fadaje, ktor\u00e9 sprac\u00fava, v nevyhnutnom rozsahu prenies\u0165 osob\u00e1m a spolo\u010dnostiam, ktor\u00e9 ur\u010d\u00ed v t\u00fdchto oblastiach:<\/p><ul><li>Spracovanie \u00fadajov<\/li><li>Pr\u00e1vne zastupovanie<\/li><li>Org\u00e1ny opr\u00e1vnen\u00e9 zo z\u00e1kona rie\u0161i\u0165 spory<\/li><li>Ru\u010dn\u00e9 doru\u010denie<\/li><li>\u00da\u010dtovn\u00edctvo<\/li><li>Riadenie poh\u013ead\u00e1vok<\/li><li>Marketing<\/li><li>Faktur\u00e1cia<\/li><\/ul><h3><strong>Spracovatelia \u00fadajov<\/strong><\/h3><p>Pri n\u00e1kupe v internetovom obchode poskytne spr\u00e1vca \u00fadajov (na z\u00e1klade sp\u00f4sobu doru\u010denia uveden\u00e9ho pou\u017e\u00edvate\u013eom) meno pou\u017e\u00edvate\u013ea, doru\u010dovaciu adresu (e-mailov\u00fa adresu a telef\u00f3nne \u010d\u00edslo v pr\u00edpade kuri\u00e9rskej slu\u017eby - za \u00fa\u010delom koordin\u00e1cie term\u00ednu doru\u010denia) a inform\u00e1cie o k\u00fapnej cene v\u00fdrobku, ktor\u00fd sa m\u00e1 prevzia\u0165 (v niektor\u00fdch pr\u00edpadoch zaplaten\u00fd vopred), doru\u010dovate\u013eskej spolo\u010dnosti za \u00fa\u010delom doru\u010denia v\u00fdrobku pou\u017e\u00edvate\u013eovi.<\/p><h3><strong>Spolo\u010dnosti alebo osoby zapojen\u00e9 do spracovania \u00fadajov alebo manipul\u00e1cie s \u00fadajmi<\/strong><\/h3><p>Majite\u013e, <strong>FLORICULTOR s.r.o.<\/strong> spravuje \u00fadaje. Okrem vlastn\u00edka sa na spr\u00e1ve a uchov\u00e1van\u00ed \u00fadajov zmluvn\u00fdch z\u00e1kazn\u00edkov podie\u013eaj\u00fa aj \u010fal\u0161ie spolo\u010dnosti.<\/p><h3><strong>Ktor\u00e9 spolo\u010dnosti sa podie\u013eaj\u00fa na spr\u00e1ve \u00fadajov?<\/strong><\/h3><p>Spolo\u010dnosti zapojen\u00e9 do spr\u00e1vy \u00fadajov v r\u00e1mci \u010dinnost\u00ed vlastn\u00edka:<\/p><p>Je potrebn\u00e9 uvies\u0165 v\u0161etk\u00fdch poskytovate\u013eov slu\u017eieb, u ktor\u00fdch sa zobrazuj\u00fa osobn\u00e9 \u00fadaje:<\/p><ul><li>Poskytovate\u013e hostingov\u00fdch slu\u017eieb: RACKFOREST INFORMATICS TRADE SERVICE AND CONSULTING LTD (1132 Budape\u0161\u0165, Victor Hugo utca 18-22, 3. poschodie 3008 a. info@rackforest.hu)<\/li><li><strong>Spolo\u010dnos\u0165 Google Inc.<\/strong>: 1600 Amphitheatre Parkway, Mountain View, CA 94043, USA, <a href=\"https:\/\/www.google.hu\/intl\/hu\/contact\/\">\u010fal\u0161ie kontaktn\u00e9 \u00fadaje<\/a>, po\u0161tov\u00fd syst\u00e9m, ukladanie d\u00e1t a s\u00faborov v cloude, online spr\u00e1va dokumentov a s\u00favisiace slu\u017eby: Disk Google, Dokumenty Google, Google Search Console, Google Analytics, Google AdSense, Google AdWords, YouTube, Blogger, podpora prehliada\u010da Chrome - Google <a href=\"https:\/\/support.google.com\/a\/answer\/60762?hl=en\">ochrana osobn\u00fdch \u00fadajov<\/a> a <a href=\"https:\/\/policies.google.com\/privacy?hl=hu\">z\u00e1sady ochrany \u00fadajov<\/a>.<\/li><li><strong>Facebook Ireland Ltd.<\/strong>: 4 Grand Canal Square, Grand Canal Harbour, Dublin 2 \u00cdrsko, podpora pre Facebook, Instagram, Messenger a \u010fal\u0161ie produkty a funkcie pon\u00fakan\u00e9 spolo\u010dnos\u0165ou Facebook - <a href=\"https:\/\/www.facebook.com\/about\/privacy\/update\">politika spracovania \u00fadajov<\/a> a \u00faradn\u00edk pre ochranu \u00fadajov <a href=\"https:\/\/www.facebook.com\/help\/contact\/540977946302970\">kontaktn\u00e9 \u00fadaje<\/a><a href=\"https:\/\/www.facebook.com\/help\/contact\/540977946302970\">.<\/a><\/li><li><strong>Medzin\u00e1rodn\u00e1 spolo\u010dnos\u0165 Twitter<\/strong>: One Cumberland Place, Fenian Street, Dublin 2, D02 AX07 IRELAND, pomocou produktov a funkci\u00ed pon\u00fakan\u00fdch Twitterom - <a href=\"https:\/\/twitter.com\/en\/privacy\">politika spracovania \u00fadajov<\/a> a <a href=\"https:\/\/twitter.com\/en\/tos\">acef<\/a>.<\/li><li>V osobitn\u00fdch pr\u00edpadoch m\u00f4\u017ee zmluva zah\u0155\u0148a\u0165 \u010fal\u0161\u00edch spracovate\u013eov \u00fadajov alebo spolo\u010dnosti.<\/li><\/ul><h3><strong>Pr\u00e1va na vlastn\u00edctvo \u00fadajov a ich presadzovanie<\/strong><\/h3><p>Ak si ne\u017eel\u00e1te, aby sa va\u0161e osobn\u00e9 \u00fadaje pou\u017e\u00edvali na komer\u010dn\u00e9 ponuky, m\u00e1te pr\u00e1vo vznies\u0165 n\u00e1mietku bez uvedenia d\u00f4vodu. Svoju \u017eiados\u0165 o vymazanie \u00fadajov mus\u00edte zasla\u0165 spr\u00e1vcovi \u00fadajov p\u00edsomne e-mailom alebo po\u0161tou na kontaktn\u00e9 \u00fadaje uveden\u00e9 v Impressum.<\/p><h3><strong>Ochrana osobn\u00fdch \u00fadajov malolet\u00fdch os\u00f4b a os\u00f4b s obmedzenou sp\u00f4sobilos\u0165ou na pr\u00e1vne \u00fakony<\/strong><\/h3><p><strong>FLORICULTOR s.r.o. <\/strong>jej webov\u00e9 str\u00e1nky a obsah jej publik\u00e1ci\u00ed s\u00fa v\u00e4\u010d\u0161inou ur\u010den\u00e9 malolet\u00fdm do 13 rokov. Osobn\u00e9 \u00fadaje det\u00ed mlad\u0161\u00edch ako 13 rokov nesprac\u00favame ani nezhroma\u017e\u010fujeme bez overite\u013en\u00e9ho s\u00fahlasu rodi\u010dov alebo z\u00e1konn\u00fdch z\u00e1stupcov. Rodi\u010dia alebo opatrovn\u00edci m\u00f4\u017eu po\u017eiada\u0165 o zverejnenie alebo vymazanie inform\u00e1ci\u00ed o die\u0165ati. Ak sa v priebehu sprac\u00favania \u00fadajov zist\u00ed vek die\u0165a\u0165a, spr\u00e1vca m\u00f4\u017ee v takom pr\u00edpade pou\u017ei\u0165 \u00fadaje na z\u00edskanie s\u00fahlasu rodi\u010dov.<\/p><p>Na vyhl\u00e1senie maloletej osoby zbavenej sp\u00f4sobilosti na pr\u00e1vne \u00fakony alebo maloletej osoby s obmedzenou sp\u00f4sobilos\u0165ou na pr\u00e1vne \u00fakony sa vy\u017eaduje s\u00fahlas z\u00e1konn\u00e9ho z\u00e1stupcu, s v\u00fdnimkou \u010dast\u00ed slu\u017eby, ktor\u00e9 s\u00fa ur\u010den\u00e9 na registr\u00e1ciu a nevy\u017eaduj\u00fa osobitn\u00fd zrete\u013e.<\/p><h3><strong>Koncepty<\/strong><\/h3><ul><li><strong>Spracovate\u013e \u00fadajov: <\/strong>fyzick\u00e1 alebo pr\u00e1vnick\u00e1 osoba, org\u00e1n verejnej moci, agent\u00fara alebo ak\u00fdko\u013evek in\u00fd subjekt, ktor\u00fd sprac\u00fava osobn\u00e9 \u00fadaje v mene prev\u00e1dzkovate\u013ea<\/li><li><strong>Spr\u00e1va \u00fadajov: <\/strong>ak\u00e1ko\u013evek oper\u00e1cia alebo s\u00fabor oper\u00e1ci\u00ed, ktor\u00e9 sa vykon\u00e1vaj\u00fa s osobn\u00fdmi \u00fadajmi alebo so s\u00fabormi osobn\u00fdch \u00fadajov automatizovan\u00fdmi alebo neautomatizovan\u00fdmi prostriedkami, ako je zhroma\u017e\u010fovanie, zaznamen\u00e1vanie, usporad\u00favanie, \u0161trukt\u00farovanie, uchov\u00e1vanie, prisp\u00f4sobovanie, zmena, vyh\u013ead\u00e1vanie, nahliadanie, konzult\u00e1cie, pou\u017e\u00edvanie, zverej\u0148ovanie, prenos, \u0161\u00edrenie, spr\u00edstup\u0148ovanie in\u00fdmi prostriedkami, zos\u00faladenie, kombinovanie, obmedzenie, vymazanie, zni\u010denie<\/li><li><strong>Prenos \u00fadajov:<\/strong> spr\u00edstupnenie osobn\u00fdch \u00fadajov sprac\u00favan\u00fdch prev\u00e1dzkovate\u013eom tret\u00edm stran\u00e1m.<\/li><li><strong>Incident t\u00fdkaj\u00faci sa ochrany \u00fadajov: <\/strong>poru\u0161enie bezpe\u010dnosti, ktor\u00e9 vedie k n\u00e1hodn\u00e9mu alebo nez\u00e1konn\u00e9mu zni\u010deniu, strate, zmene, neopr\u00e1vnen\u00e9mu zverejneniu alebo pr\u00edstupu k pren\u00e1\u0161an\u00fdm, uchov\u00e1van\u00fdm alebo inak sprac\u00favan\u00fdm osobn\u00fdm \u00fadajom<\/li><li><strong>GTC<\/strong>: v\u0161eobecn\u00e9 podmienky predaja produktov a slu\u017eieb spr\u00e1vcu \u00fadajov uverejnen\u00e9 na webovej str\u00e1nke<\/li><li><strong>Identifikovate\u013en\u00e1 fyzick\u00e1 osoba:<\/strong> fyzick\u00e1 osoba, ktor\u00fa mo\u017eno priamo alebo nepriamo identifikova\u0165 na z\u00e1klade jedn\u00e9ho alebo viacer\u00fdch faktorov \u0161pecifick\u00fdch pre jej fyzick\u00fa, fyziologick\u00fa, genetick\u00fa, ment\u00e1lnu, ekonomick\u00fa, kult\u00farnu alebo soci\u00e1lnu identitu, ako je meno, identifika\u010dn\u00e9 \u010d\u00edslo, lokaliza\u010dn\u00e9 \u00fadaje, online identifik\u00e1tor alebo ak\u00fdko\u013evek in\u00fd identifik\u00e1tor<\/li><li><strong>Adres\u00e1t:<\/strong> fyzick\u00e1 alebo pr\u00e1vnick\u00e1 osoba, org\u00e1n verejnej moci, agent\u00fara alebo ak\u00fdko\u013evek in\u00fd subjekt, s ktor\u00fdm sa osobn\u00e9 \u00fadaje zdie\u013eaj\u00fa, bez oh\u013eadu na to, \u010di ide o tretiu stranu alebo nie.<\/li><li><strong>S\u00fahlas dotknutej osoby:<\/strong> slobodne dan\u00fd, konkr\u00e9tny, informovan\u00fd a jednozna\u010dn\u00fd prejav v\u00f4le dotknutej osoby, ktor\u00fdm vyjadruje svoj s\u00fahlas so spracovan\u00edm osobn\u00fdch \u00fadajov, ktor\u00e9 sa jej t\u00fdkaj\u00fa, a to vyhl\u00e1sen\u00edm alebo \u00fakonom, ktor\u00fdm vyjadruje svoj jednozna\u010dn\u00fd s\u00fahlas<\/li><li><strong>Dotknut\u00e9:<\/strong> fyzick\u00e1 osoba identifikovan\u00e1 alebo identifikovate\u013en\u00e1 na z\u00e1klade ak\u00fdchko\u013evek inform\u00e1ci\u00ed<\/li><li><strong>Pou\u017e\u00edvatelia:<\/strong> n\u00e1v\u0161tevn\u00edkov webov\u00fdch str\u00e1nok prev\u00e1dzkovan\u00fdch spr\u00e1vcom \u00fadajov a pr\u00edstupn\u00fdch z webovej str\u00e1nky https:\/\/dunavirag.hu a in\u00fdch adries na nej uveden\u00fdch<\/li><li><strong>Tretia strana:<\/strong> fyzick\u00e1 alebo pr\u00e1vnick\u00e1 osoba, org\u00e1n verejnej moci, agent\u00fara alebo ak\u00fdko\u013evek in\u00fd subjekt in\u00fd ako dotknut\u00e1 osoba, prev\u00e1dzkovate\u013e, sprostredkovate\u013e alebo osoby, ktor\u00e9 s\u00fa pod priamym veden\u00edm prev\u00e1dzkovate\u013ea alebo sprostredkovate\u013ea opr\u00e1vnen\u00e9 sprac\u00fava\u0165 osobn\u00e9 \u00fadaje<\/li><li><strong>\u00darad: <\/strong>N\u00e1rodn\u00fd \u00farad pre ochranu \u00fadajov a slobodu inform\u00e1ci\u00ed (s\u00eddlo: 1125 Budape\u0161\u0165, Szil\u00e1gyi Erzs\u00e9bet fasor 22\/c., telef\u00f3n: 06-1 391-1400, fax: 06-1 391-1410, e-mail: ugyfelszolgalat@naih.hu, webov\u00e1 str\u00e1nka: naih.hu)<\/li><li><strong>Partner\/z\u00e1kazn\u00edk:<\/strong> fyzick\u00e1 osoba, ktor\u00e1 neuzatv\u00e1ra zmluvu s prev\u00e1dzkovate\u013eom \u00fadajov o predaji v\u00fdrobku alebo poskytovan\u00ed slu\u017eby prostredn\u00edctvom webovej str\u00e1nky<\/li><li><strong>Registr\u00e1cia: <\/strong>zaznamen\u00e1vanie osobn\u00fdch \u00fadajov pou\u017e\u00edvate\u013ea webovej str\u00e1nky, ktor\u00fd si vytv\u00e1ra pou\u017e\u00edvate\u013esk\u00fd \u00fa\u010det.<\/li><li><strong>Osobn\u00e9 \u00fadaje:<\/strong> v\u0161etky inform\u00e1cie t\u00fdkaj\u00face sa dotknutej osoby<\/li><li><strong>Webov\u00e1 lokalita:<\/strong> prev\u00e1dzkovan\u00e9 spr\u00e1vcom \u00fadajov, <strong>FLORICULTOR s.r.o.<\/strong> a \u010fal\u0161ie webov\u00e9 str\u00e1nky dostupn\u00e9 na adres\u00e1ch v nich uveden\u00fdch.<\/li><\/ul>\t\t\t\t\t\t\t\t<\/div>\n\t\t\t\t<\/div>\n\t\t\t\t\t<\/div>\n\t\t<\/div>\n\t\t\t\t\t<\/div>\n\t\t<\/section>\n\t\t\t\t\t<\/div>\n\t\t<\/div>\n\t\t\t\t\t<\/div>\n\t\t<\/section>\n\t\t\t\t<\/div>","protected":false},"excerpt":{"rendered":"<p>Z\u00e1sady ochrany osobn\u00fdch \u00fadajov Z\u00e1sady ochrany osobn\u00fdch \u00fadajov Vami poskytnut\u00e9 osobn\u00e9 \u00fadaje sprac\u00fava spolo\u010dnos\u0165 FLORICULTOR Kft. S\u00eddlo spolo\u010dnosti. Pozorne si, pros\u00edm, pre\u010d\u00edtajte toto Ozn\u00e1menie o ochrane osobn\u00fdch \u00fadajov (\u010falej len \"Ozn\u00e1menie\"), ktor\u00e9 opisuje na\u0161e postupy t\u00fdkaj\u00face sa spracovania va\u0161ich osobn\u00fdch \u00fadajov v s\u00falade so v\u0161eobecn\u00fdm nariaden\u00edm o ochrane \u00fadajov (\u010falej len \"GDPR\", ... <a title=\"Z\u00e1sady ochrany osobn\u00fdch \u00fadajov\" class=\"read-more\" href=\"https:\/\/dunavirag.hu\/sk\/adatkezelesi-szabalyzat\/\" aria-label=\"Pre\u010d\u00edtajte si viac o Z\u00e1sad\u00e1ch ochrany osobn\u00fdch \u00fadajov\">\u010c\u00edta\u0165 viac<\/a><\/p>","protected":false},"author":1,"featured_media":0,"parent":0,"menu_order":0,"comment_status":"closed","ping_status":"closed","template":"elementor_header_footer","meta":{"_seopress_robots_primary_cat":"","_seopress_titles_title":"","_seopress_titles_desc":"","_seopress_robots_index":"","footnotes":""},"class_list":["post-253","page","type-page","status-publish"],"_links":{"self":[{"href":"https:\/\/dunavirag.hu\/sk\/wp-json\/wp\/v2\/pages\/253","targetHints":{"allow":["GET"]}}],"collection":[{"href":"https:\/\/dunavirag.hu\/sk\/wp-json\/wp\/v2\/pages"}],"about":[{"href":"https:\/\/dunavirag.hu\/sk\/wp-json\/wp\/v2\/types\/page"}],"author":[{"embeddable":true,"href":"https:\/\/dunavirag.hu\/sk\/wp-json\/wp\/v2\/users\/1"}],"replies":[{"embeddable":true,"href":"https:\/\/dunavirag.hu\/sk\/wp-json\/wp\/v2\/comments?post=253"}],"version-history":[{"count":10,"href":"https:\/\/dunavirag.hu\/sk\/wp-json\/wp\/v2\/pages\/253\/revisions"}],"predecessor-version":[{"id":1126,"href":"https:\/\/dunavirag.hu\/sk\/wp-json\/wp\/v2\/pages\/253\/revisions\/1126"}],"wp:attachment":[{"href":"https:\/\/dunavirag.hu\/sk\/wp-json\/wp\/v2\/media?parent=253"}],"curies":[{"name":"wp","href":"https:\/\/api.w.org\/{rel}","templated":true}]}}